{"id":54740,"date":"2023-06-12T14:02:55","date_gmt":"2023-06-12T12:02:55","guid":{"rendered":"https:\/\/emene.nueva.avantarea.com\/?post_type=product&#038;p=54740"},"modified":"2026-02-23T11:20:28","modified_gmt":"2026-02-23T10:20:28","slug":"pack-socle-xtone-liem-black-lavabo-espejo-capsula-copia","status":"publish","type":"product","link":"https:\/\/emene.com\/fr\/producto\/pack-socle-xtone-liem-black-lavabo-espejo-capsula-copia\/","title":{"rendered":"Pack SOCLE Xtone liem black + lavabo + miroir capsule"},"content":{"rendered":"<p>Pack de meuble de salle de bain suspendu, lavabo et miroir. Plan de toilette sur meuble en mat\u00e9riau Xtone de Porcelanosa, un min\u00e9ral compact fritt\u00e9 issu de la s\u00e9lection des mati\u00e8res premi\u00e8res les plus pures, permettant d&rsquo;obtenir une surface aux performances \u00e9lev\u00e9es. Meuble de salle de bain suspendu fabriqu\u00e9 en panneau de particules m\u00e9lamin\u00e9 finition bois de 19 mm avec micro-relief et caract\u00e9ristiques de surface optimales, \u00e9cologique et recyclable. Tiroir m\u00e9tallique \u00e0 double paroi \u00e0 l&rsquo;esth\u00e9tique minimaliste, avec des c\u00f4t\u00e9s fins et des lignes droites, fermeture amortie, accessibilit\u00e9 totale et espace arri\u00e8re disponible. Structure m\u00e9tallique finition noir mat. Fixations de meuble avec syst\u00e8me anti-d\u00e9crochement et r\u00e9glage horizontal et vertical. Comprend un lavabo \u00e0 poser en c\u00e9ramique. Comprend un miroir design capsule. Le meuble est livr\u00e9 mont\u00e9, pr\u00eat \u00e0 \u00eatre fix\u00e9 au mur. Un kit de fixation du meuble est inclus. Robinet et siphon non inclus. Fabriqu\u00e9 en Espagne.<\/p>\n","protected":false},"excerpt":{"rendered":"<p>Pack de meuble de salle de bain suspendu, lavabo et miroir. Plan de toilette sur meuble en mat\u00e9riau Xtone de Porcelanosa, un min\u00e9ral compact fritt\u00e9 issu de la s\u00e9lection des&#8230;<\/p>\n","protected":false},"featured_media":3234,"comment_status":"closed","ping_status":"open","template":"","meta":[],"product_brand":[472],"product_cat":[390],"product_tag":[],"class_list":{"0":"post-54740","1":"product","2":"type-product","3":"status-publish","4":"has-post-thumbnail","6":"product_brand-socle","7":"product_cat-meubles-de-salle-de-bain","8":"pa_color-vert-argile-2","9":"pa_color-blanco","10":"pa_color-azabache","11":"pa_tamano-131","12":"pa_tamano-132","13":"pa_tamano-130","15":"first","16":"instock","17":"purchasable","18":"product-type-variable"},"_links":{"self":[{"href":"https:\/\/emene.com\/fr\/wp-json\/wp\/v2\/product\/54740","targetHints":{"allow":["GET"]}}],"collection":[{"href":"https:\/\/emene.com\/fr\/wp-json\/wp\/v2\/product"}],"about":[{"href":"https:\/\/emene.com\/fr\/wp-json\/wp\/v2\/types\/product"}],"replies":[{"embeddable":true,"href":"https:\/\/emene.com\/fr\/wp-json\/wp\/v2\/comments?post=54740"}],"wp:featuredmedia":[{"embeddable":true,"href":"https:\/\/emene.com\/fr\/wp-json\/wp\/v2\/media\/3234"}],"wp:attachment":[{"href":"https:\/\/emene.com\/fr\/wp-json\/wp\/v2\/media?parent=54740"}],"wp:term":[{"taxonomy":"product_brand","embeddable":true,"href":"https:\/\/emene.com\/fr\/wp-json\/wp\/v2\/product_brand?post=54740"},{"taxonomy":"product_cat","embeddable":true,"href":"https:\/\/emene.com\/fr\/wp-json\/wp\/v2\/product_cat?post=54740"},{"taxonomy":"product_tag","embeddable":true,"href":"https:\/\/emene.com\/fr\/wp-json\/wp\/v2\/product_tag?post=54740"}],"curies":[{"name":"wp","href":"https:\/\/api.w.org\/{rel}","templated":true}]}}