{"id":54789,"date":"2023-06-12T14:01:23","date_gmt":"2023-06-12T12:01:23","guid":{"rendered":"https:\/\/emene.nueva.avantarea.com\/?post_type=product&#038;p=54789"},"modified":"2026-02-24T15:46:04","modified_gmt":"2026-02-24T14:46:04","slug":"pack-piedestal-lavabo-xtone-orobico-dark-espejo-led-copia","status":"publish","type":"product","link":"https:\/\/emene.com\/fr\/producto\/pack-piedestal-lavabo-xtone-orobico-dark-espejo-led-copia\/","title":{"rendered":"Pack PIEDESTAL + lavabo Xtone Orobico dark + miroir LED"},"content":{"rendered":"<p>Ensemble de salle de bain compos\u00e9 d&rsquo;une vasque suspendue en mat\u00e9riau Xtone de Porcelanosa, d&rsquo;un meuble et d&rsquo;un miroir avec \u00e9clairage LED. Vasque suspendue fabriqu\u00e9e en mat\u00e9riau Xtone de Porcelanosa, un mat\u00e9riau min\u00e9ral compact fritt\u00e9 issu d&rsquo;une s\u00e9lection de mati\u00e8res premi\u00e8res de la plus grande puret\u00e9, permettant d&rsquo;obtenir une surface aux performances \u00e9lev\u00e9es. Meuble sous-vasque suspendu fabriqu\u00e9 en panneau de particules de 19 mm avec rev\u00eatement m\u00e9lamin\u00e9 et des caract\u00e9ristiques de surface optimales, \u00e9cologique et recyclable. Tiroir m\u00e9tallique \u00e0 double paroi \u00e0 l&rsquo;esth\u00e9tique minimaliste, aux flancs minces et aux lignes droites, avec fermeture amortie, accessibilit\u00e9 totale et espace arri\u00e8re disponible. Suspensions du meuble avec syst\u00e8me anti-d\u00e9crochage et r\u00e9glage horizontal et vertical. Comprend un miroir avec \u00e9clairage LED, IP65, 10,8 W, 1170lm et une temp\u00e9rature de lumi\u00e8re de 6000K. Le meuble est livr\u00e9 mont\u00e9, pr\u00eat \u00e0 \u00eatre fix\u00e9 au mur. Un kit de fixation du meuble est inclus. Robinet et siphon non inclus. Fabriqu\u00e9 en Espagne.<\/p>\n","protected":false},"excerpt":{"rendered":"<p>Ensemble de salle de bain compos\u00e9 d&rsquo;une vasque suspendue en mat\u00e9riau Xtone de Porcelanosa, d&rsquo;un meuble et d&rsquo;un miroir avec \u00e9clairage LED. Vasque suspendue fabriqu\u00e9e en mat\u00e9riau Xtone de Porcelanosa,&#8230;<\/p>\n","protected":false},"featured_media":2973,"comment_status":"closed","ping_status":"open","template":"","meta":[],"product_brand":[467],"product_cat":[390],"product_tag":[],"class_list":{"0":"post-54789","1":"product","2":"type-product","3":"status-publish","4":"has-post-thumbnail","6":"product_brand-piedestal","7":"product_cat-meubles-de-salle-de-bain","8":"pa_color-vert-argile-2","9":"pa_color-azabache","10":"pa_tamano-131","11":"pa_tamano-132","12":"pa_tamano-292","14":"first","15":"instock","16":"purchasable","17":"product-type-variable"},"_links":{"self":[{"href":"https:\/\/emene.com\/fr\/wp-json\/wp\/v2\/product\/54789","targetHints":{"allow":["GET"]}}],"collection":[{"href":"https:\/\/emene.com\/fr\/wp-json\/wp\/v2\/product"}],"about":[{"href":"https:\/\/emene.com\/fr\/wp-json\/wp\/v2\/types\/product"}],"replies":[{"embeddable":true,"href":"https:\/\/emene.com\/fr\/wp-json\/wp\/v2\/comments?post=54789"}],"wp:featuredmedia":[{"embeddable":true,"href":"https:\/\/emene.com\/fr\/wp-json\/wp\/v2\/media\/2973"}],"wp:attachment":[{"href":"https:\/\/emene.com\/fr\/wp-json\/wp\/v2\/media?parent=54789"}],"wp:term":[{"taxonomy":"product_brand","embeddable":true,"href":"https:\/\/emene.com\/fr\/wp-json\/wp\/v2\/product_brand?post=54789"},{"taxonomy":"product_cat","embeddable":true,"href":"https:\/\/emene.com\/fr\/wp-json\/wp\/v2\/product_cat?post=54789"},{"taxonomy":"product_tag","embeddable":true,"href":"https:\/\/emene.com\/fr\/wp-json\/wp\/v2\/product_tag?post=54789"}],"curies":[{"name":"wp","href":"https:\/\/api.w.org\/{rel}","templated":true}]}}