{"id":54793,"date":"2023-06-12T14:01:23","date_gmt":"2023-06-12T12:01:23","guid":{"rendered":"https:\/\/emene.nueva.avantarea.com\/?post_type=product&#038;p=54793"},"modified":"2026-02-24T15:46:05","modified_gmt":"2026-02-24T14:46:05","slug":"pack-piedestal-lavabo-xtone-liem-black-espejo-led-copia","status":"publish","type":"product","link":"https:\/\/emene.com\/fr\/producto\/pack-piedestal-lavabo-xtone-liem-black-espejo-led-copia\/","title":{"rendered":"Pack PIEDESTAL + lavabo Xtone liem black + miroir LED"},"content":{"rendered":"<p>Ensemble de salle de bain compos\u00e9 d&rsquo;un lavabo suspendu en mat\u00e9riau Xtone de Porcelanosa, d&rsquo;un meuble et d&rsquo;un miroir avec \u00e9clairage LED. Lavabo suspendu fabriqu\u00e9 en mat\u00e9riau Xtone de Porcelanosa, un composite min\u00e9ral fritt\u00e9 issu de la s\u00e9lection des mati\u00e8res premi\u00e8res les plus pures, permettant d&rsquo;obtenir une surface aux performances \u00e9lev\u00e9es. Meuble suspendu pour lavabo fabriqu\u00e9 en panneau de particules de 19 mm avec rev\u00eatement m\u00e9lamin\u00e9 et des caract\u00e9ristiques de surface optimales, \u00e9cologique et recyclable. Tiroir m\u00e9tallique \u00e0 double paroi \u00e0 l&rsquo;esth\u00e9tique minimaliste, aux parois fines et aux lignes droites, avec fermeture amortie, accessibilit\u00e9 totale et espace arri\u00e8re disponible. Fixations de meuble avec syst\u00e8me anti-d\u00e9crochement et r\u00e9glage horizontal et vertical. Comprend un miroir avec \u00e9clairage LED, IP65, 10,8 W, 1170lm et une temp\u00e9rature de lumi\u00e8re de 6000K. Le meuble est livr\u00e9 mont\u00e9, pr\u00eat \u00e0 \u00eatre fix\u00e9 au mur. Un kit de fixation du meuble est inclus. Robinet et siphon non inclus. Fabriqu\u00e9 en Espagne.<\/p>\n","protected":false},"excerpt":{"rendered":"<p>Ensemble de salle de bain compos\u00e9 d&rsquo;un lavabo suspendu en mat\u00e9riau Xtone de Porcelanosa, d&rsquo;un meuble et d&rsquo;un miroir avec \u00e9clairage LED. Lavabo suspendu fabriqu\u00e9 en mat\u00e9riau Xtone de Porcelanosa,&#8230;<\/p>\n","protected":false},"featured_media":2960,"comment_status":"closed","ping_status":"open","template":"","meta":[],"product_brand":[467],"product_cat":[390],"product_tag":[],"class_list":{"0":"post-54793","1":"product","2":"type-product","3":"status-publish","4":"has-post-thumbnail","6":"product_brand-piedestal","7":"product_cat-meubles-de-salle-de-bain","8":"pa_color-vert-argile-2","9":"pa_color-blanco","10":"pa_color-azabache","11":"pa_tamano-131","12":"pa_tamano-132","13":"pa_tamano-292","15":"first","16":"instock","17":"purchasable","18":"product-type-variable"},"_links":{"self":[{"href":"https:\/\/emene.com\/fr\/wp-json\/wp\/v2\/product\/54793","targetHints":{"allow":["GET"]}}],"collection":[{"href":"https:\/\/emene.com\/fr\/wp-json\/wp\/v2\/product"}],"about":[{"href":"https:\/\/emene.com\/fr\/wp-json\/wp\/v2\/types\/product"}],"replies":[{"embeddable":true,"href":"https:\/\/emene.com\/fr\/wp-json\/wp\/v2\/comments?post=54793"}],"wp:featuredmedia":[{"embeddable":true,"href":"https:\/\/emene.com\/fr\/wp-json\/wp\/v2\/media\/2960"}],"wp:attachment":[{"href":"https:\/\/emene.com\/fr\/wp-json\/wp\/v2\/media?parent=54793"}],"wp:term":[{"taxonomy":"product_brand","embeddable":true,"href":"https:\/\/emene.com\/fr\/wp-json\/wp\/v2\/product_brand?post=54793"},{"taxonomy":"product_cat","embeddable":true,"href":"https:\/\/emene.com\/fr\/wp-json\/wp\/v2\/product_cat?post=54793"},{"taxonomy":"product_tag","embeddable":true,"href":"https:\/\/emene.com\/fr\/wp-json\/wp\/v2\/product_tag?post=54793"}],"curies":[{"name":"wp","href":"https:\/\/api.w.org\/{rel}","templated":true}]}}