{"id":54807,"date":"2023-06-12T14:00:27","date_gmt":"2023-06-12T12:00:27","guid":{"rendered":"https:\/\/emene.nueva.avantarea.com\/?post_type=product&#038;p=54807"},"modified":"2026-02-24T15:46:13","modified_gmt":"2026-02-24T14:46:13","slug":"pack-nu-xtone-orobico-dark-lavabo-espejo-circular-led-copia","status":"publish","type":"product","link":"https:\/\/emene.com\/fr\/producto\/pack-nu-xtone-orobico-dark-lavabo-espejo-circular-led-copia\/","title":{"rendered":"Pack NU Xtone Orobico fonc\u00e9 + lavabo + miroir circulaire LED"},"content":{"rendered":"<p>Pack compos\u00e9 d&rsquo;un meuble de salle de bain, d&rsquo;une vasque et d&rsquo;un miroir LED. Meuble suspendu pour vasque compos\u00e9 d&rsquo;une structure m\u00e9tallique finition noir mat. Plan de travail fabriqu\u00e9 en panneau de particules de 19 mm avec rev\u00eatement m\u00e9lamin\u00e9. \u00c9tag\u00e8re en verre transparent ou en mat\u00e9riau Xtone de Porcelanosa, mat\u00e9riau min\u00e9ral compact fritt\u00e9 issu de la s\u00e9lection des mati\u00e8res premi\u00e8res les plus pures, permettant d&rsquo;obtenir une surface aux performances \u00e9lev\u00e9es. Comprend une vasque \u00e0 poser en c\u00e9ramique. Comprend un miroir LED de design circulaire IP44, temp\u00e9rature de couleur de la lumi\u00e8re 6000K. Le meuble est livr\u00e9 mont\u00e9, pr\u00eat \u00e0 \u00eatre fix\u00e9 au mur. Un kit de fixation du meuble est inclus. Robinet et siphon non inclus. Fabriqu\u00e9 en Espagne.<\/p>\n","protected":false},"excerpt":{"rendered":"<p>Pack compos\u00e9 d&rsquo;un meuble de salle de bain, d&rsquo;une vasque et d&rsquo;un miroir LED. Meuble suspendu pour vasque compos\u00e9 d&rsquo;une structure m\u00e9tallique finition noir mat. Plan de travail fabriqu\u00e9 en&#8230;<\/p>\n","protected":false},"featured_media":2796,"comment_status":"closed","ping_status":"open","template":"","meta":[],"product_brand":[463],"product_cat":[390],"product_tag":[],"class_list":{"0":"post-54807","1":"product","2":"type-product","3":"status-publish","4":"has-post-thumbnail","6":"product_brand-nu","7":"product_cat-meubles-de-salle-de-bain","8":"pa_color-vert-argile-2","9":"pa_color-azabache","10":"pa_tamano-131","11":"pa_tamano-132","12":"pa_tamano-130","14":"first","15":"instock","16":"purchasable","17":"product-type-variable"},"_links":{"self":[{"href":"https:\/\/emene.com\/fr\/wp-json\/wp\/v2\/product\/54807","targetHints":{"allow":["GET"]}}],"collection":[{"href":"https:\/\/emene.com\/fr\/wp-json\/wp\/v2\/product"}],"about":[{"href":"https:\/\/emene.com\/fr\/wp-json\/wp\/v2\/types\/product"}],"replies":[{"embeddable":true,"href":"https:\/\/emene.com\/fr\/wp-json\/wp\/v2\/comments?post=54807"}],"wp:featuredmedia":[{"embeddable":true,"href":"https:\/\/emene.com\/fr\/wp-json\/wp\/v2\/media\/2796"}],"wp:attachment":[{"href":"https:\/\/emene.com\/fr\/wp-json\/wp\/v2\/media?parent=54807"}],"wp:term":[{"taxonomy":"product_brand","embeddable":true,"href":"https:\/\/emene.com\/fr\/wp-json\/wp\/v2\/product_brand?post=54807"},{"taxonomy":"product_cat","embeddable":true,"href":"https:\/\/emene.com\/fr\/wp-json\/wp\/v2\/product_cat?post=54807"},{"taxonomy":"product_tag","embeddable":true,"href":"https:\/\/emene.com\/fr\/wp-json\/wp\/v2\/product_tag?post=54807"}],"curies":[{"name":"wp","href":"https:\/\/api.w.org\/{rel}","templated":true}]}}