{"id":54836,"date":"2023-06-12T13:59:32","date_gmt":"2023-06-12T11:59:32","guid":{"rendered":"https:\/\/emene.nueva.avantarea.com\/?post_type=product&#038;p=54836"},"modified":"2026-02-24T15:46:30","modified_gmt":"2026-02-24T14:46:30","slug":"pack-moitie-xtone-paonazzo-biondo-lavabo-espejo-circular-copia","status":"publish","type":"product","link":"https:\/\/emene.com\/fr\/producto\/pack-moitie-xtone-paonazzo-biondo-lavabo-espejo-circular-copia\/","title":{"rendered":"Pack MOITI\u00c9 Xtone Paonazzo biondo + lavabo + miroir circulaire"},"content":{"rendered":"<p>Pack compos\u00e9 d&rsquo;un meuble de salle de bain, d&rsquo;une vasque et d&rsquo;un miroir circulaire. Meuble suspendu pour vasque fabriqu\u00e9 en panneau de particules de 19 mm avec rev\u00eatement m\u00e9lamin\u00e9. Compos\u00e9 de deux tiroirs m\u00e9talliques avec fermeture amortie, capacit\u00e9 de charge de 25 kg, accessibilit\u00e9 totale et espace arri\u00e8re disponible. Plan de travail sur meuble en mat\u00e9riau Xtone de Porcelanosa, un compact min\u00e9ral fritt\u00e9 issu de la s\u00e9lection des mati\u00e8res premi\u00e8res les plus pures, permettant d&rsquo;obtenir une surface aux performances \u00e9lev\u00e9es. Comprend une vasque \u00e0 poser en c\u00e9ramique. Comprend un miroir au design circulaire. Le meuble est livr\u00e9 mont\u00e9, pr\u00eat \u00e0 \u00eatre fix\u00e9 au mur. Un kit de fixation pour le meuble est inclus. Robinet et siphon non inclus. Fabriqu\u00e9 en Espagne.<\/p>\n","protected":false},"excerpt":{"rendered":"<p>Pack compos\u00e9 d&rsquo;un meuble de salle de bain, d&rsquo;une vasque et d&rsquo;un miroir circulaire. Meuble suspendu pour vasque fabriqu\u00e9 en panneau de particules de 19 mm avec rev\u00eatement m\u00e9lamin\u00e9. Compos\u00e9&#8230;<\/p>\n","protected":false},"featured_media":2709,"comment_status":"closed","ping_status":"open","template":"","meta":[],"product_brand":[462],"product_cat":[390],"product_tag":[],"class_list":{"0":"post-54836","1":"product","2":"type-product","3":"status-publish","4":"has-post-thumbnail","6":"product_brand-moitie","7":"product_cat-meubles-de-salle-de-bain","8":"pa_color-noyer-2","9":"pa_color-blanco","10":"pa_medidas-563","11":"pa_tamano-131","12":"pa_tamano-132","13":"pa_tamano-130","15":"first","16":"instock","17":"purchasable","18":"product-type-variable"},"_links":{"self":[{"href":"https:\/\/emene.com\/fr\/wp-json\/wp\/v2\/product\/54836","targetHints":{"allow":["GET"]}}],"collection":[{"href":"https:\/\/emene.com\/fr\/wp-json\/wp\/v2\/product"}],"about":[{"href":"https:\/\/emene.com\/fr\/wp-json\/wp\/v2\/types\/product"}],"replies":[{"embeddable":true,"href":"https:\/\/emene.com\/fr\/wp-json\/wp\/v2\/comments?post=54836"}],"wp:featuredmedia":[{"embeddable":true,"href":"https:\/\/emene.com\/fr\/wp-json\/wp\/v2\/media\/2709"}],"wp:attachment":[{"href":"https:\/\/emene.com\/fr\/wp-json\/wp\/v2\/media?parent=54836"}],"wp:term":[{"taxonomy":"product_brand","embeddable":true,"href":"https:\/\/emene.com\/fr\/wp-json\/wp\/v2\/product_brand?post=54836"},{"taxonomy":"product_cat","embeddable":true,"href":"https:\/\/emene.com\/fr\/wp-json\/wp\/v2\/product_cat?post=54836"},{"taxonomy":"product_tag","embeddable":true,"href":"https:\/\/emene.com\/fr\/wp-json\/wp\/v2\/product_tag?post=54836"}],"curies":[{"name":"wp","href":"https:\/\/api.w.org\/{rel}","templated":true}]}}