{"id":54864,"date":"2023-06-12T13:58:48","date_gmt":"2023-06-12T11:58:48","guid":{"rendered":"https:\/\/emene.nueva.avantarea.com\/?post_type=product&#038;p=54864"},"modified":"2026-02-24T15:46:48","modified_gmt":"2026-02-24T14:46:48","slug":"pack-grece-encimera-xtone-paonazzo-biondo-lavabo-espejo-capsula-copia","status":"publish","type":"product","link":"https:\/\/emene.com\/fr\/producto\/pack-grece-encimera-xtone-paonazzo-biondo-lavabo-espejo-capsula-copia\/","title":{"rendered":"Pack GRECE plan de travail Xtone Paonazzo biondo + lavabo + miroir capsule"},"content":{"rendered":"<p>Ensemble comprenant un plan de toilette suspendu, une vasque et un miroir. Plan de toilette suspendu en mat\u00e9riau Xtone de Porcelanosa, un compact min\u00e9ral fritt\u00e9 issu d&rsquo;une s\u00e9lection de mati\u00e8res premi\u00e8res de la plus haute puret\u00e9, permettant d&rsquo;obtenir une surface aux performances \u00e9lev\u00e9es. Comprend une vasque \u00e0 poser en c\u00e9ramique. Comprend un miroir design capsule. Pr\u00eat \u00e0 \u00eatre fix\u00e9 au mur. Kit de fixation inclus. Robinet et siphon non inclus. Fabriqu\u00e9 en Espagne.<\/p>\n","protected":false},"excerpt":{"rendered":"<p>Ensemble comprenant un plan de toilette suspendu, une vasque et un miroir. Plan de toilette suspendu en mat\u00e9riau Xtone de Porcelanosa, un compact min\u00e9ral fritt\u00e9 issu d&rsquo;une s\u00e9lection de mati\u00e8res&#8230;<\/p>\n","protected":false},"featured_media":2128,"comment_status":"closed","ping_status":"open","template":"","meta":[],"product_brand":[452],"product_cat":[390],"product_tag":[],"class_list":{"0":"post-54864","1":"product","2":"type-product","3":"status-publish","4":"has-post-thumbnail","6":"product_brand-grece","7":"product_cat-meubles-de-salle-de-bain","8":"pa_color-blanco","9":"pa_tamano-131","10":"pa_tamano-132","11":"pa_tamano-130","13":"first","14":"instock","15":"purchasable","16":"product-type-variable"},"_links":{"self":[{"href":"https:\/\/emene.com\/fr\/wp-json\/wp\/v2\/product\/54864","targetHints":{"allow":["GET"]}}],"collection":[{"href":"https:\/\/emene.com\/fr\/wp-json\/wp\/v2\/product"}],"about":[{"href":"https:\/\/emene.com\/fr\/wp-json\/wp\/v2\/types\/product"}],"replies":[{"embeddable":true,"href":"https:\/\/emene.com\/fr\/wp-json\/wp\/v2\/comments?post=54864"}],"wp:featuredmedia":[{"embeddable":true,"href":"https:\/\/emene.com\/fr\/wp-json\/wp\/v2\/media\/2128"}],"wp:attachment":[{"href":"https:\/\/emene.com\/fr\/wp-json\/wp\/v2\/media?parent=54864"}],"wp:term":[{"taxonomy":"product_brand","embeddable":true,"href":"https:\/\/emene.com\/fr\/wp-json\/wp\/v2\/product_brand?post=54864"},{"taxonomy":"product_cat","embeddable":true,"href":"https:\/\/emene.com\/fr\/wp-json\/wp\/v2\/product_cat?post=54864"},{"taxonomy":"product_tag","embeddable":true,"href":"https:\/\/emene.com\/fr\/wp-json\/wp\/v2\/product_tag?post=54864"}],"curies":[{"name":"wp","href":"https:\/\/api.w.org\/{rel}","templated":true}]}}