{"id":54931,"date":"2023-06-12T13:54:56","date_gmt":"2023-06-12T11:54:56","guid":{"rendered":"https:\/\/emene.nueva.avantarea.com\/?post_type=product&#038;p=54931"},"modified":"2026-02-24T15:47:13","modified_gmt":"2026-02-24T14:47:13","slug":"pack-ecart-xtone-paonazzo-biondo-lavabo-espejo-led-copia","status":"publish","type":"product","link":"https:\/\/emene.com\/fr\/producto\/pack-ecart-xtone-paonazzo-biondo-lavabo-espejo-led-copia\/","title":{"rendered":"Pack \u00c9CART Xtone Paonazzo biondo + lavabo + miroir LED"},"content":{"rendered":"<p>Pack comprenant un meuble de salle de bain, une vasque et un miroir LED. Meuble sous-vasque suspendu dot\u00e9 d&rsquo;espaces d\u00e9coratifs, fabriqu\u00e9 en panneau de particules de 19 mm avec rev\u00eatement m\u00e9lamin\u00e9 et des caract\u00e9ristiques de surface optimales, \u00e9cologique et recyclable. Fixations murales avec syst\u00e8me anti-d\u00e9crochage. Dessus de meuble en mat\u00e9riau Xtone de Porcelanosa, un compact min\u00e9ral fritt\u00e9 issu de la s\u00e9lection des mati\u00e8res premi\u00e8res les plus pures, permettant d&rsquo;obtenir une surface aux performances \u00e9lev\u00e9es. Comprend une vasque \u00e0 poser en c\u00e9ramique. Comprend un miroir avec \u00e9clairage LED IP44, temp\u00e9rature de lumi\u00e8re 6000K. Le meuble est livr\u00e9 mont\u00e9, pr\u00eat \u00e0 \u00eatre suspendu au mur. Un kit de fixation pour le meuble est inclus. Robinet et siphon non inclus. Fabriqu\u00e9 en Espagne.<\/p>\n","protected":false},"excerpt":{"rendered":"<p>Pack comprenant un meuble de salle de bain, une vasque et un miroir LED. Meuble sous-vasque suspendu dot\u00e9 d&rsquo;espaces d\u00e9coratifs, fabriqu\u00e9 en panneau de particules de 19 mm avec rev\u00eatement&#8230;<\/p>\n","protected":false},"featured_media":1802,"comment_status":"closed","ping_status":"open","template":"","meta":[],"product_brand":[449],"product_cat":[390],"product_tag":[],"class_list":{"0":"post-54931","1":"product","2":"type-product","3":"status-publish","4":"has-post-thumbnail","6":"product_brand-ecart","7":"product_cat-meubles-de-salle-de-bain","8":"pa_color-noyer-2","9":"pa_medidas-563","10":"pa_tamano-131","11":"pa_tamano-132","12":"pa_tamano-130","14":"first","15":"instock","16":"purchasable","17":"product-type-variable"},"_links":{"self":[{"href":"https:\/\/emene.com\/fr\/wp-json\/wp\/v2\/product\/54931","targetHints":{"allow":["GET"]}}],"collection":[{"href":"https:\/\/emene.com\/fr\/wp-json\/wp\/v2\/product"}],"about":[{"href":"https:\/\/emene.com\/fr\/wp-json\/wp\/v2\/types\/product"}],"replies":[{"embeddable":true,"href":"https:\/\/emene.com\/fr\/wp-json\/wp\/v2\/comments?post=54931"}],"wp:featuredmedia":[{"embeddable":true,"href":"https:\/\/emene.com\/fr\/wp-json\/wp\/v2\/media\/1802"}],"wp:attachment":[{"href":"https:\/\/emene.com\/fr\/wp-json\/wp\/v2\/media?parent=54931"}],"wp:term":[{"taxonomy":"product_brand","embeddable":true,"href":"https:\/\/emene.com\/fr\/wp-json\/wp\/v2\/product_brand?post=54931"},{"taxonomy":"product_cat","embeddable":true,"href":"https:\/\/emene.com\/fr\/wp-json\/wp\/v2\/product_cat?post=54931"},{"taxonomy":"product_tag","embeddable":true,"href":"https:\/\/emene.com\/fr\/wp-json\/wp\/v2\/product_tag?post=54931"}],"curies":[{"name":"wp","href":"https:\/\/api.w.org\/{rel}","templated":true}]}}