{"id":54935,"date":"2023-06-12T13:54:56","date_gmt":"2023-06-12T11:54:56","guid":{"rendered":"https:\/\/emene.nueva.avantarea.com\/?post_type=product&#038;p=54935"},"modified":"2026-03-11T12:56:33","modified_gmt":"2026-03-11T11:56:33","slug":"pack-ecart-xtone-calacatta-gold-lavabo-espejo-led-copia","status":"publish","type":"product","link":"https:\/\/emene.com\/fr\/producto\/pack-ecart-xtone-calacatta-gold-lavabo-espejo-led-copia\/","title":{"rendered":"Pack \u00c9CART Xtone calacatta gold + lavabo + miroir LED"},"content":{"rendered":"<p>Pack compos\u00e9 d&rsquo;un meuble de salle de bain, d&rsquo;un lavabo et d&rsquo;un miroir LED. Meuble lavabo mural compos\u00e9 d&rsquo;espaces d\u00e9coratifs, en panneaux de particules m\u00e9lamin\u00e9s de 19 mm aux caract\u00e9ristiques de surface optimales, respectueux de l&rsquo;environnement et recyclables. Cintres avec syst\u00e8me antichute. Plan de travail r\u00e9alis\u00e9 avec le mat\u00e9riau Xtone de Porcelanosa, un min\u00e9ral compact fritt\u00e9 \u00e0 partir de la s\u00e9lection des mati\u00e8res premi\u00e8res les plus pures pour obtenir une surface tr\u00e8s performante. Comprend un lavabo en c\u00e9ramique. Comprend un miroir avec \u00e9clairage LED IP44, temp\u00e9rature de lumi\u00e8re 6000K. Les meubles sont livr\u00e9s assembl\u00e9s, pr\u00eats \u00e0 \u00eatre accroch\u00e9s au mur. Un kit de montage du meuble est inclus. Robinet et siphon non inclus. Fabriqu\u00e9 en Espagne.<\/p>\n","protected":false},"excerpt":{"rendered":"<p>Pack compos\u00e9 d&rsquo;un meuble de salle de bain, d&rsquo;un lavabo et d&rsquo;un miroir LED. Meuble lavabo mural compos\u00e9 d&rsquo;espaces d\u00e9coratifs, en panneaux de particules m\u00e9lamin\u00e9s de 19 mm aux caract\u00e9ristiques&#8230;<\/p>\n","protected":false},"featured_media":1796,"comment_status":"closed","ping_status":"closed","template":"","meta":[],"product_brand":[449],"product_cat":[390],"product_tag":[],"class_list":{"0":"post-54935","1":"product","2":"type-product","3":"status-publish","4":"has-post-thumbnail","6":"product_brand-ecart","7":"product_cat-meubles-de-salle-de-bain","8":"pa_color-bardolino","9":"pa_tamano-131","10":"pa_tamano-132","11":"pa_tamano-130","13":"first","14":"instock","15":"purchasable","16":"product-type-variable"},"_links":{"self":[{"href":"https:\/\/emene.com\/fr\/wp-json\/wp\/v2\/product\/54935","targetHints":{"allow":["GET"]}}],"collection":[{"href":"https:\/\/emene.com\/fr\/wp-json\/wp\/v2\/product"}],"about":[{"href":"https:\/\/emene.com\/fr\/wp-json\/wp\/v2\/types\/product"}],"replies":[{"embeddable":true,"href":"https:\/\/emene.com\/fr\/wp-json\/wp\/v2\/comments?post=54935"}],"wp:featuredmedia":[{"embeddable":true,"href":"https:\/\/emene.com\/fr\/wp-json\/wp\/v2\/media\/1796"}],"wp:attachment":[{"href":"https:\/\/emene.com\/fr\/wp-json\/wp\/v2\/media?parent=54935"}],"wp:term":[{"taxonomy":"product_brand","embeddable":true,"href":"https:\/\/emene.com\/fr\/wp-json\/wp\/v2\/product_brand?post=54935"},{"taxonomy":"product_cat","embeddable":true,"href":"https:\/\/emene.com\/fr\/wp-json\/wp\/v2\/product_cat?post=54935"},{"taxonomy":"product_tag","embeddable":true,"href":"https:\/\/emene.com\/fr\/wp-json\/wp\/v2\/product_tag?post=54935"}],"curies":[{"name":"wp","href":"https:\/\/api.w.org\/{rel}","templated":true}]}}