{"id":54967,"date":"2023-06-12T13:53:01","date_gmt":"2023-06-12T11:53:01","guid":{"rendered":"https:\/\/emene.nueva.avantarea.com\/?post_type=product&#038;p=54967"},"modified":"2026-03-11T12:32:14","modified_gmt":"2026-03-11T11:32:14","slug":"pack-descente-viola-rosse-lavabo-porcelanico-espejo-led-copia","status":"publish","type":"product","link":"https:\/\/emene.com\/fr\/producto\/pack-descente-viola-rosse-lavabo-porcelanico-espejo-led-copia\/","title":{"rendered":"Pack DESCENTE viola rosse + lavabo en porcelaine + miroir LED"},"content":{"rendered":"<p>Meuble de salle de bains, lavabo et miroir avec \u00e9clairage LED. Lavabo Xtone de Porcelanosa, un min\u00e9ral compact fritt\u00e9 \u00e0 partir de la s\u00e9lection des mati\u00e8res premi\u00e8res les plus pures pour obtenir une surface performante. Meuble de salle de bain mural en panneau de particules stratifi\u00e9 finition bois de 19 mm avec micro-relief, comprenant un tiroir \u00e0 sortie totale et \u00e0 fermeture progressive. Comprend un miroir avec \u00e9clairage LED, IP65, 10,8 W, 1170 lm et temp\u00e9rature de lumi\u00e8re 6000K. Les meubles sont livr\u00e9s assembl\u00e9s, pr\u00eats \u00e0 \u00eatre accroch\u00e9s au mur. Un kit de montage du meuble est inclus. Robinet et siphon non inclus. Fabriqu\u00e9 en Espagne.<\/p>\n","protected":false},"excerpt":{"rendered":"<p>Meuble de salle de bains, lavabo et miroir avec \u00e9clairage LED. Lavabo Xtone de Porcelanosa, un min\u00e9ral compact fritt\u00e9 \u00e0 partir de la s\u00e9lection des mati\u00e8res premi\u00e8res les plus pures&#8230;<\/p>\n","protected":false},"featured_media":1615,"comment_status":"closed","ping_status":"closed","template":"","meta":[],"product_brand":[446],"product_cat":[390],"product_tag":[],"class_list":{"0":"post-54967","1":"product","2":"type-product","3":"status-publish","4":"has-post-thumbnail","6":"product_brand-descente","7":"product_cat-meubles-de-salle-de-bain","8":"pa_color-blanco","9":"pa_color-azabache","10":"pa_tamano-571","11":"pa_tamano-131","12":"pa_tamano-132","14":"first","15":"instock","16":"purchasable","17":"product-type-variable"},"_links":{"self":[{"href":"https:\/\/emene.com\/fr\/wp-json\/wp\/v2\/product\/54967","targetHints":{"allow":["GET"]}}],"collection":[{"href":"https:\/\/emene.com\/fr\/wp-json\/wp\/v2\/product"}],"about":[{"href":"https:\/\/emene.com\/fr\/wp-json\/wp\/v2\/types\/product"}],"replies":[{"embeddable":true,"href":"https:\/\/emene.com\/fr\/wp-json\/wp\/v2\/comments?post=54967"}],"wp:featuredmedia":[{"embeddable":true,"href":"https:\/\/emene.com\/fr\/wp-json\/wp\/v2\/media\/1615"}],"wp:attachment":[{"href":"https:\/\/emene.com\/fr\/wp-json\/wp\/v2\/media?parent=54967"}],"wp:term":[{"taxonomy":"product_brand","embeddable":true,"href":"https:\/\/emene.com\/fr\/wp-json\/wp\/v2\/product_brand?post=54967"},{"taxonomy":"product_cat","embeddable":true,"href":"https:\/\/emene.com\/fr\/wp-json\/wp\/v2\/product_cat?post=54967"},{"taxonomy":"product_tag","embeddable":true,"href":"https:\/\/emene.com\/fr\/wp-json\/wp\/v2\/product_tag?post=54967"}],"curies":[{"name":"wp","href":"https:\/\/api.w.org\/{rel}","templated":true}]}}