{"id":54988,"date":"2023-06-12T13:52:28","date_gmt":"2023-06-12T11:52:28","guid":{"rendered":"https:\/\/emene.nueva.avantarea.com\/?post_type=product&#038;p=54988"},"modified":"2026-03-11T11:50:55","modified_gmt":"2026-03-11T10:50:55","slug":"pack-lavabo-cube-viola-rosse-modulo-cube-espejo-led-copia","status":"publish","type":"product","link":"https:\/\/emene.com\/fr\/producto\/pack-lavabo-cube-viola-rosse-modulo-cube-espejo-led-copia\/","title":{"rendered":"Pack lavabo CUBE viola rosse + module CUBE + miroir LED"},"content":{"rendered":"<p>Ensemble de salle de bains compos\u00e9 d&rsquo;une vasque suspendue Xtone de Porcelanosa, d&rsquo;un meuble sous-vasque et d&rsquo;un miroir avec \u00e9clairage LED. Vasque suspendue en Xtone de Porcelanosa, un min\u00e9ral compact fritt\u00e9 \u00e0 partir de la s\u00e9lection des mati\u00e8res premi\u00e8res les plus pures pour obtenir une surface tr\u00e8s performante. Meuble mural \u00e0 un tiroir en panneau de particules stratifi\u00e9 19 mm finition bois avec micro-relief, avec tiroir \u00e0 sortie totale et fermeture en douceur. Le lavabo et l&rsquo;unit\u00e9 sont des modules ind\u00e9pendants qui peuvent \u00eatre plac\u00e9s dans n&rsquo;importe quelle position, ce qui offre de multiples possibilit\u00e9s d&rsquo;am\u00e9nagement. Comprend un miroir avec \u00e9clairage LED, IP65, 10,8 W, 1170 lm et temp\u00e9rature de lumi\u00e8re 6000K. Les meubles sont livr\u00e9s assembl\u00e9s, pr\u00eats \u00e0 \u00eatre accroch\u00e9s au mur. Un kit de montage du meuble est inclus. Robinet et siphon non inclus. Fabriqu\u00e9 en Espagne.<\/p>\n","protected":false},"excerpt":{"rendered":"<p>Ensemble de salle de bains compos\u00e9 d&rsquo;une vasque suspendue Xtone de Porcelanosa, d&rsquo;un meuble sous-vasque et d&rsquo;un miroir avec \u00e9clairage LED. Vasque suspendue en Xtone de Porcelanosa, un min\u00e9ral compact&#8230;<\/p>\n","protected":false},"featured_media":1465,"comment_status":"closed","ping_status":"closed","template":"","meta":[],"product_brand":[443],"product_cat":[390],"product_tag":[],"class_list":{"0":"post-54988","1":"product","2":"type-product","3":"status-publish","4":"has-post-thumbnail","6":"product_brand-cube","7":"product_cat-meubles-de-salle-de-bain","8":"pa_color-vert-argile-2","9":"pa_color-blanco","10":"pa_color-azabache","11":"pa_tamano-571","12":"pa_tamano-580","13":"pa_tamano-262","15":"first","16":"instock","17":"purchasable","18":"product-type-variable"},"_links":{"self":[{"href":"https:\/\/emene.com\/fr\/wp-json\/wp\/v2\/product\/54988","targetHints":{"allow":["GET"]}}],"collection":[{"href":"https:\/\/emene.com\/fr\/wp-json\/wp\/v2\/product"}],"about":[{"href":"https:\/\/emene.com\/fr\/wp-json\/wp\/v2\/types\/product"}],"replies":[{"embeddable":true,"href":"https:\/\/emene.com\/fr\/wp-json\/wp\/v2\/comments?post=54988"}],"wp:featuredmedia":[{"embeddable":true,"href":"https:\/\/emene.com\/fr\/wp-json\/wp\/v2\/media\/1465"}],"wp:attachment":[{"href":"https:\/\/emene.com\/fr\/wp-json\/wp\/v2\/media?parent=54988"}],"wp:term":[{"taxonomy":"product_brand","embeddable":true,"href":"https:\/\/emene.com\/fr\/wp-json\/wp\/v2\/product_brand?post=54988"},{"taxonomy":"product_cat","embeddable":true,"href":"https:\/\/emene.com\/fr\/wp-json\/wp\/v2\/product_cat?post=54988"},{"taxonomy":"product_tag","embeddable":true,"href":"https:\/\/emene.com\/fr\/wp-json\/wp\/v2\/product_tag?post=54988"}],"curies":[{"name":"wp","href":"https:\/\/api.w.org\/{rel}","templated":true}]}}