{"id":55014,"date":"2023-06-12T13:51:10","date_gmt":"2023-06-12T11:51:10","guid":{"rendered":"https:\/\/emene.nueva.avantarea.com\/?post_type=product&#038;p=55014"},"modified":"2026-02-24T15:47:47","modified_gmt":"2026-02-24T14:47:47","slug":"pack-cote-xtone-orobico-lavabo-espejo-led-copia","status":"publish","type":"product","link":"https:\/\/emene.com\/fr\/producto\/pack-cote-xtone-orobico-lavabo-espejo-led-copia\/","title":{"rendered":"Pack C\u00d4T\u00c9 Xtone Orobico + lavabo + miroir LED"},"content":{"rendered":"<p>Pack compos\u00e9 d&rsquo;un meuble de salle de bain, d&rsquo;une vasque et d&rsquo;un miroir circulaire. Meuble sous-vasque suspendu fabriqu\u00e9 en panneau de particules de 19 mm avec rev\u00eatement m\u00e9lamin\u00e9 et des caract\u00e9ristiques de surface optimales, \u00e9cologique et recyclable. Compos\u00e9 de tiroirs et de portes avec des d\u00e9tails d\u00e9coratifs en mat\u00e9riau Xtone de Porcelanosa, un compact min\u00e9ral fritt\u00e9 issu de la s\u00e9lection des mati\u00e8res premi\u00e8res de la plus grande puret\u00e9, permettant d&rsquo;obtenir une surface aux performances \u00e9lev\u00e9es. Tiroir m\u00e9tallique avec fermeture amortie, capacit\u00e9 de charge de 25 kg, accessibilit\u00e9 totale et espace arri\u00e8re disponible. Charni\u00e8res \u00e9quip\u00e9es d&rsquo;un v\u00e9rin amortisseur pour une fermeture douce de la porte et un r\u00e9glage tridimensionnel. Pattes de fixation du meuble avec syst\u00e8me anti-d\u00e9crochage et r\u00e9glage horizontal et vertical. Comprend une vasque \u00e0 poser en c\u00e9ramique. Comprend un miroir circulaire. Le meuble est livr\u00e9 mont\u00e9, pr\u00eat \u00e0 \u00eatre fix\u00e9 au mur. Un kit pour l&rsquo;installation du meuble est inclus. Robinet et siphon non inclus. Fabriqu\u00e9 en Espagne.<\/p>\n","protected":false},"excerpt":{"rendered":"<p>Pack compos\u00e9 d&rsquo;un meuble de salle de bain, d&rsquo;une vasque et d&rsquo;un miroir circulaire. Meuble sous-vasque suspendu fabriqu\u00e9 en panneau de particules de 19 mm avec rev\u00eatement m\u00e9lamin\u00e9 et des&#8230;<\/p>\n","protected":false},"featured_media":1266,"comment_status":"closed","ping_status":"closed","template":"","meta":[],"product_brand":[439],"product_cat":[390],"product_tag":[],"class_list":{"0":"post-55014","1":"product","2":"type-product","3":"status-publish","4":"has-post-thumbnail","6":"product_brand-cote","7":"product_cat-meubles-de-salle-de-bain","8":"pa_color-noir-2","9":"pa_tamano-571","10":"pa_tamano-131","11":"pa_tamano-132","12":"pa_tamano-130","14":"first","15":"instock","16":"purchasable","17":"product-type-variable"},"_links":{"self":[{"href":"https:\/\/emene.com\/fr\/wp-json\/wp\/v2\/product\/55014","targetHints":{"allow":["GET"]}}],"collection":[{"href":"https:\/\/emene.com\/fr\/wp-json\/wp\/v2\/product"}],"about":[{"href":"https:\/\/emene.com\/fr\/wp-json\/wp\/v2\/types\/product"}],"replies":[{"embeddable":true,"href":"https:\/\/emene.com\/fr\/wp-json\/wp\/v2\/comments?post=55014"}],"wp:featuredmedia":[{"embeddable":true,"href":"https:\/\/emene.com\/fr\/wp-json\/wp\/v2\/media\/1266"}],"wp:attachment":[{"href":"https:\/\/emene.com\/fr\/wp-json\/wp\/v2\/media?parent=55014"}],"wp:term":[{"taxonomy":"product_brand","embeddable":true,"href":"https:\/\/emene.com\/fr\/wp-json\/wp\/v2\/product_brand?post=55014"},{"taxonomy":"product_cat","embeddable":true,"href":"https:\/\/emene.com\/fr\/wp-json\/wp\/v2\/product_cat?post=55014"},{"taxonomy":"product_tag","embeddable":true,"href":"https:\/\/emene.com\/fr\/wp-json\/wp\/v2\/product_tag?post=55014"}],"curies":[{"name":"wp","href":"https:\/\/api.w.org\/{rel}","templated":true}]}}