{"id":55028,"date":"2023-06-12T13:50:46","date_gmt":"2023-06-12T11:50:46","guid":{"rendered":"https:\/\/emene.nueva.avantarea.com\/?post_type=product&#038;p=55028"},"modified":"2026-03-11T11:26:30","modified_gmt":"2026-03-11T10:26:30","slug":"pack-cote-xtone-calacatta-lavabo-espejo-led-copia","status":"publish","type":"product","link":"https:\/\/emene.com\/fr\/producto\/pack-cote-xtone-calacatta-lavabo-espejo-led-copia\/","title":{"rendered":"Pack C\u00d4T\u00c9 Xtone calacatta + lavabo + miroir LED"},"content":{"rendered":"<p>Ensemble comprenant un meuble de salle de bains, un lavabo et un miroir circulaire. Lavabo mural en panneaux de particules m\u00e9lamin\u00e9s de 19 mm aux caract\u00e9ristiques de surface optimales, respectueux de l&rsquo;environnement et recyclable. Compos\u00e9 de tiroirs et de portes avec des d\u00e9tails d\u00e9coratifs en Xtone de Porcelanosa, un min\u00e9ral compact fritt\u00e9 \u00e0 partir de la s\u00e9lection des mati\u00e8res premi\u00e8res les plus pures pour obtenir une surface de haute performance. Tiroir en m\u00e9tal avec fermeture amortie, capacit\u00e9 de charge de 25 kg, accessibilit\u00e9 totale et espace arri\u00e8re disponible. Charni\u00e8res \u00e9quip\u00e9es d&rsquo;un piston amortisseur pour une fermeture en douceur de la porte et un ajustement tridimensionnel. Cintres avec syst\u00e8me anti-glissement et r\u00e9glage horizontal et vertical. Comprend un lavabo en c\u00e9ramique. Comprend un miroir de forme circulaire. Les meubles sont livr\u00e9s assembl\u00e9s, pr\u00eats \u00e0 \u00eatre accroch\u00e9s au mur. Un kit de montage du meuble est inclus. Robinet et siphon non inclus. Fabriqu\u00e9 en Espagne.<\/p>\n","protected":false},"excerpt":{"rendered":"<p>Ensemble comprenant un meuble de salle de bains, un lavabo et un miroir circulaire. Lavabo mural en panneaux de particules m\u00e9lamin\u00e9s de 19 mm aux caract\u00e9ristiques de surface optimales, respectueux&#8230;<\/p>\n","protected":false},"featured_media":1248,"comment_status":"closed","ping_status":"closed","template":"","meta":[],"product_brand":[439],"product_cat":[390],"product_tag":[],"class_list":{"0":"post-55028","1":"product","2":"type-product","3":"status-publish","4":"has-post-thumbnail","6":"product_brand-cote","7":"product_cat-meubles-de-salle-de-bain","8":"pa_color-bardolino","9":"pa_tamano-571","10":"pa_tamano-131","11":"pa_tamano-132","12":"pa_tamano-130","14":"first","15":"instock","16":"purchasable","17":"product-type-variable"},"_links":{"self":[{"href":"https:\/\/emene.com\/fr\/wp-json\/wp\/v2\/product\/55028","targetHints":{"allow":["GET"]}}],"collection":[{"href":"https:\/\/emene.com\/fr\/wp-json\/wp\/v2\/product"}],"about":[{"href":"https:\/\/emene.com\/fr\/wp-json\/wp\/v2\/types\/product"}],"replies":[{"embeddable":true,"href":"https:\/\/emene.com\/fr\/wp-json\/wp\/v2\/comments?post=55028"}],"wp:featuredmedia":[{"embeddable":true,"href":"https:\/\/emene.com\/fr\/wp-json\/wp\/v2\/media\/1248"}],"wp:attachment":[{"href":"https:\/\/emene.com\/fr\/wp-json\/wp\/v2\/media?parent=55028"}],"wp:term":[{"taxonomy":"product_brand","embeddable":true,"href":"https:\/\/emene.com\/fr\/wp-json\/wp\/v2\/product_brand?post=55028"},{"taxonomy":"product_cat","embeddable":true,"href":"https:\/\/emene.com\/fr\/wp-json\/wp\/v2\/product_cat?post=55028"},{"taxonomy":"product_tag","embeddable":true,"href":"https:\/\/emene.com\/fr\/wp-json\/wp\/v2\/product_tag?post=55028"}],"curies":[{"name":"wp","href":"https:\/\/api.w.org\/{rel}","templated":true}]}}