{"id":55041,"date":"2023-06-12T13:50:24","date_gmt":"2023-06-12T11:50:24","guid":{"rendered":"https:\/\/emene.nueva.avantarea.com\/?post_type=product&#038;p=55041"},"modified":"2026-02-24T15:47:59","modified_gmt":"2026-02-24T14:47:59","slug":"pack-crochet-xtone-paonazzo-biondo-lavabo-espejo-led-copia","status":"publish","type":"product","link":"https:\/\/emene.com\/fr\/producto\/pack-crochet-xtone-paonazzo-biondo-lavabo-espejo-led-copia\/","title":{"rendered":"Pack CROCHET Xtone Paonazzo biondo + lavabo + miroir LED"},"content":{"rendered":"<p>Pack compos\u00e9 d&rsquo;un meuble de salle de bain, d&rsquo;une vasque et d&rsquo;un miroir LED. Meuble suspendu pour vasque compos\u00e9 d&rsquo;un plan de toilette en Xtone de Porcelanosa, d&rsquo;un tiroir inf\u00e9rieur et d&rsquo;un porte-serviettes lat\u00e9ral. Meuble fabriqu\u00e9 en panneau de particules de 19 mm avec rev\u00eatement m\u00e9lamin\u00e9. Tiroir m\u00e9tallique avec fermeture amortie, capacit\u00e9 de charge de 25 kg, accessibilit\u00e9 totale et espace arri\u00e8re disponible. Plan de toilette en mat\u00e9riau Xtone de Porcelanosa, compact min\u00e9ral fritt\u00e9 issu de la s\u00e9lection des mati\u00e8res premi\u00e8res les plus pures, permettant d&rsquo;obtenir une surface aux performances \u00e9lev\u00e9es. Porte-serviettes lat\u00e9ral \u00e0 structure m\u00e9tallique finition noir mat. Comprend une vasque \u00e0 poser en c\u00e9ramique. Comprend un miroir avec \u00e9clairage LED IP44, temp\u00e9rature de lumi\u00e8re 6000K. Le meuble est livr\u00e9 mont\u00e9, pr\u00eat \u00e0 \u00eatre fix\u00e9 au mur. Un kit de fixation pour le meuble est inclus. Robinet et siphon non inclus. Fabriqu\u00e9 en Espagne.<\/p>\n","protected":false},"excerpt":{"rendered":"<p>Pack compos\u00e9 d&rsquo;un meuble de salle de bain, d&rsquo;une vasque et d&rsquo;un miroir LED. Meuble suspendu pour vasque compos\u00e9 d&rsquo;un plan de toilette en Xtone de Porcelanosa, d&rsquo;un tiroir inf\u00e9rieur&#8230;<\/p>\n","protected":false},"featured_media":1407,"comment_status":"closed","ping_status":"open","template":"","meta":[],"product_brand":[442],"product_cat":[390],"product_tag":[],"class_list":{"0":"post-55041","1":"product","2":"type-product","3":"status-publish","4":"has-post-thumbnail","6":"product_brand-crochet","7":"product_cat-meubles-de-salle-de-bain","8":"pa_color-noyer-2","9":"pa_medidas-563","10":"pa_tamano-131","11":"pa_tamano-132","12":"pa_tamano-130","14":"first","15":"instock","16":"purchasable","17":"product-type-variable"},"_links":{"self":[{"href":"https:\/\/emene.com\/fr\/wp-json\/wp\/v2\/product\/55041","targetHints":{"allow":["GET"]}}],"collection":[{"href":"https:\/\/emene.com\/fr\/wp-json\/wp\/v2\/product"}],"about":[{"href":"https:\/\/emene.com\/fr\/wp-json\/wp\/v2\/types\/product"}],"replies":[{"embeddable":true,"href":"https:\/\/emene.com\/fr\/wp-json\/wp\/v2\/comments?post=55041"}],"wp:featuredmedia":[{"embeddable":true,"href":"https:\/\/emene.com\/fr\/wp-json\/wp\/v2\/media\/1407"}],"wp:attachment":[{"href":"https:\/\/emene.com\/fr\/wp-json\/wp\/v2\/media?parent=55041"}],"wp:term":[{"taxonomy":"product_brand","embeddable":true,"href":"https:\/\/emene.com\/fr\/wp-json\/wp\/v2\/product_brand?post=55041"},{"taxonomy":"product_cat","embeddable":true,"href":"https:\/\/emene.com\/fr\/wp-json\/wp\/v2\/product_cat?post=55041"},{"taxonomy":"product_tag","embeddable":true,"href":"https:\/\/emene.com\/fr\/wp-json\/wp\/v2\/product_tag?post=55041"}],"curies":[{"name":"wp","href":"https:\/\/api.w.org\/{rel}","templated":true}]}}