{"id":55045,"date":"2023-06-12T07:48:46","date_gmt":"2023-06-12T05:48:46","guid":{"rendered":"https:\/\/emene.nueva.avantarea.com\/?post_type=product&#038;p=55045"},"modified":"2026-02-24T15:48:00","modified_gmt":"2026-02-24T14:48:00","slug":"complemento-vision-copia","status":"publish","type":"product","link":"https:\/\/emene.com\/fr\/producto\/complemento-vision-copia\/","title":{"rendered":"Compl\u00e9ment VISION"},"content":{"rendered":"<p>Meuble d&rsquo;appoint de salle de bain de 36&#215;140 cm enti\u00e8rement r\u00e9alis\u00e9 en mat\u00e9riau stratifi\u00e9 avec micro-relief et dot\u00e9 d&rsquo;une fermeture softclosing. Caisson finition bois, portes inclin\u00e9es en blanc mat. \u00c9tag\u00e8res int\u00e9rieures incluses. Charni\u00e8res avec fermeture softclosing test\u00e9es \u00e0 80 000 cycles, r\u00e9glables sur les trois axes. Fixations murales capables de supporter jusqu&rsquo;\u00e0 65 Kg par fixation. Chants r\u00e9alis\u00e9s en PVC de 1mm. Fabriqu\u00e9 en Espagne.<\/p>\n","protected":false},"excerpt":{"rendered":"<p>Meuble d&rsquo;appoint de salle de bain de 36&#215;140 cm enti\u00e8rement r\u00e9alis\u00e9 en mat\u00e9riau stratifi\u00e9 avec micro-relief et dot\u00e9 d&rsquo;une fermeture softclosing. Caisson finition bois, portes inclin\u00e9es en blanc mat. \u00c9tag\u00e8res&#8230;<\/p>\n","protected":false},"featured_media":3719,"comment_status":"closed","ping_status":"closed","template":"","meta":[],"product_brand":[478],"product_cat":[390],"product_tag":[],"class_list":{"0":"post-55045","1":"product","2":"type-product","3":"status-publish","4":"has-post-thumbnail","6":"product_brand-vision","7":"product_cat-meubles-de-salle-de-bain","8":"pa_color-bardolino-2","9":"pa_color-blanc-alcatraz","10":"pa_color-noyer-2","11":"pa_color-amazonite","12":"pa_color-azabache","13":"pa_color-terre-cuite","14":"pa_medidas-563","15":"pa_tamano-138","17":"first","18":"instock","19":"purchasable","20":"product-type-variable"},"_links":{"self":[{"href":"https:\/\/emene.com\/fr\/wp-json\/wp\/v2\/product\/55045","targetHints":{"allow":["GET"]}}],"collection":[{"href":"https:\/\/emene.com\/fr\/wp-json\/wp\/v2\/product"}],"about":[{"href":"https:\/\/emene.com\/fr\/wp-json\/wp\/v2\/types\/product"}],"replies":[{"embeddable":true,"href":"https:\/\/emene.com\/fr\/wp-json\/wp\/v2\/comments?post=55045"}],"wp:featuredmedia":[{"embeddable":true,"href":"https:\/\/emene.com\/fr\/wp-json\/wp\/v2\/media\/3719"}],"wp:attachment":[{"href":"https:\/\/emene.com\/fr\/wp-json\/wp\/v2\/media?parent=55045"}],"wp:term":[{"taxonomy":"product_brand","embeddable":true,"href":"https:\/\/emene.com\/fr\/wp-json\/wp\/v2\/product_brand?post=55045"},{"taxonomy":"product_cat","embeddable":true,"href":"https:\/\/emene.com\/fr\/wp-json\/wp\/v2\/product_cat?post=55045"},{"taxonomy":"product_tag","embeddable":true,"href":"https:\/\/emene.com\/fr\/wp-json\/wp\/v2\/product_tag?post=55045"}],"curies":[{"name":"wp","href":"https:\/\/api.w.org\/{rel}","templated":true}]}}