{"id":55049,"date":"2023-06-12T07:48:30","date_gmt":"2023-06-12T05:48:30","guid":{"rendered":"https:\/\/emene.nueva.avantarea.com\/?post_type=product&#038;p=55049"},"modified":"2026-03-30T13:57:23","modified_gmt":"2026-03-30T11:57:23","slug":"mueble-auxiliar-vision-copia","status":"publish","type":"product","link":"https:\/\/emene.com\/fr\/producto\/mueble-auxiliar-vision-copia\/","title":{"rendered":"Buffet VISION"},"content":{"rendered":"<p>Unit\u00e9 auxiliaire en panneau de particules stratifi\u00e9 de 19 mm avec une porte \u00e0 fermeture souple. Charni\u00e8res \u00e0 fermeture souple test\u00e9es \u00e0 80 000 cycles, r\u00e9glables sur les trois axes. Bords en PVC de 1 mm. Fabriqu\u00e9 en Espagne.<\/p>\n","protected":false},"excerpt":{"rendered":"<p>Unit\u00e9 auxiliaire en panneau de particules stratifi\u00e9 de 19 mm avec une porte \u00e0 fermeture souple. Charni\u00e8res \u00e0 fermeture souple test\u00e9es \u00e0 80 000 cycles, r\u00e9glables sur les trois axes&#8230;.<\/p>\n","protected":false},"featured_media":20956,"comment_status":"closed","ping_status":"closed","template":"","meta":[],"product_brand":[478],"product_cat":[390],"product_tag":[],"class_list":{"0":"post-55049","1":"product","2":"type-product","3":"status-publish","4":"has-post-thumbnail","6":"product_brand-vision","7":"product_cat-meubles-de-salle-de-bain","8":"pa_color-bardolino-2","9":"pa_color-noyer-2","10":"pa_color-azabache","11":"pa_medidas-563","12":"pa_tamano-571","13":"pa_tamano-80-2","14":"pa_tamano-131","16":"first","17":"instock","18":"purchasable","19":"product-type-variable"},"_links":{"self":[{"href":"https:\/\/emene.com\/fr\/wp-json\/wp\/v2\/product\/55049","targetHints":{"allow":["GET"]}}],"collection":[{"href":"https:\/\/emene.com\/fr\/wp-json\/wp\/v2\/product"}],"about":[{"href":"https:\/\/emene.com\/fr\/wp-json\/wp\/v2\/types\/product"}],"replies":[{"embeddable":true,"href":"https:\/\/emene.com\/fr\/wp-json\/wp\/v2\/comments?post=55049"}],"wp:featuredmedia":[{"embeddable":true,"href":"https:\/\/emene.com\/fr\/wp-json\/wp\/v2\/media\/20956"}],"wp:attachment":[{"href":"https:\/\/emene.com\/fr\/wp-json\/wp\/v2\/media?parent=55049"}],"wp:term":[{"taxonomy":"product_brand","embeddable":true,"href":"https:\/\/emene.com\/fr\/wp-json\/wp\/v2\/product_brand?post=55049"},{"taxonomy":"product_cat","embeddable":true,"href":"https:\/\/emene.com\/fr\/wp-json\/wp\/v2\/product_cat?post=55049"},{"taxonomy":"product_tag","embeddable":true,"href":"https:\/\/emene.com\/fr\/wp-json\/wp\/v2\/product_tag?post=55049"}],"curies":[{"name":"wp","href":"https:\/\/api.w.org\/{rel}","templated":true}]}}