{"id":55064,"date":"2023-06-12T07:47:58","date_gmt":"2023-06-12T05:47:58","guid":{"rendered":"https:\/\/emene.nueva.avantarea.com\/?post_type=product&#038;p=55064"},"modified":"2026-03-30T13:56:10","modified_gmt":"2026-03-30T11:56:10","slug":"pack-vision-lavabo-espejo-led-copia","status":"publish","type":"product","link":"https:\/\/emene.com\/fr\/producto\/pack-vision-lavabo-espejo-led-copia\/","title":{"rendered":"Pack VISION + lavabo + miroir LED"},"content":{"rendered":"<p>Ensemble de salle de bain compos\u00e9 d&rsquo;un meuble de salle de bain, d&rsquo;une vasque et d&rsquo;un miroir avec \u00e9clairage LED. Meuble lavabo mural en panneau de particules stratifi\u00e9 finition bois de 19 mm, compos\u00e9 d&rsquo;une porte blanche inclin\u00e9e \u00e0 fermeture progressive. Comprend un lavabo en c\u00e9ramique blanc brillant. Comprend un miroir avec \u00e9clairage LED, IP65, 8,4W, 910lm et une temp\u00e9rature de lumi\u00e8re de 6000K. Les meubles sont livr\u00e9s assembl\u00e9s, pr\u00eats \u00e0 \u00eatre accroch\u00e9s au mur. Un kit de montage du meuble est inclus. Robinet et siphon non inclus. Fabriqu\u00e9 en Espagne.<\/p>\n","protected":false},"excerpt":{"rendered":"<p>Ensemble de salle de bain compos\u00e9 d&rsquo;un meuble de salle de bain, d&rsquo;une vasque et d&rsquo;un miroir avec \u00e9clairage LED. Meuble lavabo mural en panneau de particules stratifi\u00e9 finition bois&#8230;<\/p>\n","protected":false},"featured_media":20871,"comment_status":"closed","ping_status":"closed","template":"","meta":[],"product_brand":[478],"product_cat":[390],"product_tag":[],"class_list":{"0":"post-55064","1":"product","2":"type-product","3":"status-publish","4":"has-post-thumbnail","6":"product_brand-vision","7":"product_cat-meubles-de-salle-de-bain","8":"pa_color-noyer-2","9":"pa_color-ombre-kubric-2","10":"pa_color-vert-argile-2","11":"pa_color-bardolino","12":"pa_color-azabache","13":"pa_tamano-571","14":"pa_tamano-131","15":"pa_tamano-130","17":"first","18":"instock","19":"purchasable","20":"product-type-variable"},"_links":{"self":[{"href":"https:\/\/emene.com\/fr\/wp-json\/wp\/v2\/product\/55064","targetHints":{"allow":["GET"]}}],"collection":[{"href":"https:\/\/emene.com\/fr\/wp-json\/wp\/v2\/product"}],"about":[{"href":"https:\/\/emene.com\/fr\/wp-json\/wp\/v2\/types\/product"}],"replies":[{"embeddable":true,"href":"https:\/\/emene.com\/fr\/wp-json\/wp\/v2\/comments?post=55064"}],"wp:featuredmedia":[{"embeddable":true,"href":"https:\/\/emene.com\/fr\/wp-json\/wp\/v2\/media\/20871"}],"wp:attachment":[{"href":"https:\/\/emene.com\/fr\/wp-json\/wp\/v2\/media?parent=55064"}],"wp:term":[{"taxonomy":"product_brand","embeddable":true,"href":"https:\/\/emene.com\/fr\/wp-json\/wp\/v2\/product_brand?post=55064"},{"taxonomy":"product_cat","embeddable":true,"href":"https:\/\/emene.com\/fr\/wp-json\/wp\/v2\/product_cat?post=55064"},{"taxonomy":"product_tag","embeddable":true,"href":"https:\/\/emene.com\/fr\/wp-json\/wp\/v2\/product_tag?post=55064"}],"curies":[{"name":"wp","href":"https:\/\/api.w.org\/{rel}","templated":true}]}}