{"id":55074,"date":"2023-06-12T07:46:24","date_gmt":"2023-06-12T05:46:24","guid":{"rendered":"https:\/\/emene.nueva.avantarea.com\/?post_type=product&#038;p=55074"},"modified":"2026-02-24T15:48:13","modified_gmt":"2026-02-24T14:48:13","slug":"pack-urbain-lavabo-sobreencimera-espejo-led-circular-copia","status":"publish","type":"product","link":"https:\/\/emene.com\/fr\/producto\/pack-urbain-lavabo-sobreencimera-espejo-led-circular-copia\/","title":{"rendered":"Pack URBAIN + vasque \u00e0 poser + miroir LED circulaire"},"content":{"rendered":"<p>Ensemble compos\u00e9 d&rsquo;un meuble de salle de bain fabriqu\u00e9 en panneau de particules m\u00e9lamin\u00e9 de 19mm, avec un tiroir de grande capacit\u00e9, \u00e0 fermeture douce et extraction totale et un espace d\u00e9coratif inf\u00e9rieur. Comprend 2 pieds m\u00e9talliques au design contemporain, finition noir mat. Vasque \u00e0 poser en c\u00e9ramique blanche incluse. Miroir circulaire avec \u00e9clairage LED de 9,6 W, 600 lumens et temp\u00e9rature de couleur de 6000 K. Fabriqu\u00e9 en Espagne.<\/p>\n","protected":false},"excerpt":{"rendered":"<p>Ensemble compos\u00e9 d&rsquo;un meuble de salle de bain fabriqu\u00e9 en panneau de particules m\u00e9lamin\u00e9 de 19mm, avec un tiroir de grande capacit\u00e9, \u00e0 fermeture douce et extraction totale et un&#8230;<\/p>\n","protected":false},"featured_media":3497,"comment_status":"closed","ping_status":"closed","template":"","meta":[],"product_brand":[477],"product_cat":[390],"product_tag":[],"class_list":{"0":"post-55074","1":"product","2":"type-product","3":"status-publish","4":"has-post-thumbnail","6":"product_brand-urbain","7":"product_cat-meubles-de-salle-de-bain","8":"pa_color-fresno","9":"pa_color-noyer-2","10":"pa_color-bardolino","11":"pa_color-blanco","12":"pa_color-azabache","13":"pa_tamano-571","14":"pa_tamano-131","15":"pa_tamano-130","17":"first","18":"instock","19":"purchasable","20":"product-type-variable"},"_links":{"self":[{"href":"https:\/\/emene.com\/fr\/wp-json\/wp\/v2\/product\/55074","targetHints":{"allow":["GET"]}}],"collection":[{"href":"https:\/\/emene.com\/fr\/wp-json\/wp\/v2\/product"}],"about":[{"href":"https:\/\/emene.com\/fr\/wp-json\/wp\/v2\/types\/product"}],"replies":[{"embeddable":true,"href":"https:\/\/emene.com\/fr\/wp-json\/wp\/v2\/comments?post=55074"}],"wp:featuredmedia":[{"embeddable":true,"href":"https:\/\/emene.com\/fr\/wp-json\/wp\/v2\/media\/3497"}],"wp:attachment":[{"href":"https:\/\/emene.com\/fr\/wp-json\/wp\/v2\/media?parent=55074"}],"wp:term":[{"taxonomy":"product_brand","embeddable":true,"href":"https:\/\/emene.com\/fr\/wp-json\/wp\/v2\/product_brand?post=55074"},{"taxonomy":"product_cat","embeddable":true,"href":"https:\/\/emene.com\/fr\/wp-json\/wp\/v2\/product_cat?post=55074"},{"taxonomy":"product_tag","embeddable":true,"href":"https:\/\/emene.com\/fr\/wp-json\/wp\/v2\/product_tag?post=55074"}],"curies":[{"name":"wp","href":"https:\/\/api.w.org\/{rel}","templated":true}]}}