{"id":55090,"date":"2023-06-12T07:45:00","date_gmt":"2023-06-12T05:45:00","guid":{"rendered":"https:\/\/emene.nueva.avantarea.com\/?post_type=product&#038;p=55090"},"modified":"2026-02-24T15:48:21","modified_gmt":"2026-02-24T14:48:21","slug":"pack-touche-lavabo-espejo-led-copia","status":"publish","type":"product","link":"https:\/\/emene.com\/fr\/producto\/pack-touche-lavabo-espejo-led-copia\/","title":{"rendered":"Pack TOUCHE + lavabo + miroir LED"},"content":{"rendered":"<p>Pack compos\u00e9 d&rsquo;un meuble de salle de bain, d&rsquo;une vasque et d&rsquo;un miroir LED. Meuble suspendu pour vasque, compos\u00e9 d&rsquo;un tiroir et d&rsquo;un espace d\u00e9coratif avec chants de couleur contrast\u00e9e. Meuble fabriqu\u00e9 en panneau de particules de 19 mm avec rev\u00eatement m\u00e9lamin\u00e9 et des caract\u00e9ristiques de surface optimales, \u00e9cologique et recyclable. Tiroir m\u00e9tallique \u00e0 double paroi, \u00e0 l&rsquo;esth\u00e9tique minimaliste, avec flancs fins et lignes droites, fermeture amortie, accessibilit\u00e9 totale et espace arri\u00e8re disponible. Fixations murales du meuble avec syst\u00e8me anti-d\u00e9crochement et r\u00e9glage horizontal et vertical. Comprend une vasque \u00e0 poser de couleur. Comprend un miroir avec \u00e9clairage LED. Le meuble est livr\u00e9 mont\u00e9, pr\u00eat \u00e0 \u00eatre fix\u00e9 au mur. Un kit de fixation du meuble est inclus. Robinet et siphon non inclus. Fabriqu\u00e9 en Espagne.<\/p>\n","protected":false},"excerpt":{"rendered":"<p>Pack compos\u00e9 d&rsquo;un meuble de salle de bain, d&rsquo;une vasque et d&rsquo;un miroir LED. Meuble suspendu pour vasque, compos\u00e9 d&rsquo;un tiroir et d&rsquo;un espace d\u00e9coratif avec chants de couleur contrast\u00e9e&#8230;.<\/p>\n","protected":false},"featured_media":3346,"comment_status":"closed","ping_status":"closed","template":"","meta":[],"product_brand":[475],"product_cat":[390],"product_tag":[],"class_list":{"0":"post-55090","1":"product","2":"type-product","3":"status-publish","4":"has-post-thumbnail","6":"product_brand-touche","7":"product_cat-meubles-de-salle-de-bain","8":"pa_color-noyer-2","9":"pa_color-ombre-kubric-2","10":"pa_color-vert-argile-2","11":"pa_color-bardolino","12":"pa_color-blanco","13":"pa_color-azabache","14":"pa_tamano-571","15":"pa_tamano-131","16":"pa_tamano-132","18":"first","19":"instock","20":"purchasable","21":"product-type-variable"},"_links":{"self":[{"href":"https:\/\/emene.com\/fr\/wp-json\/wp\/v2\/product\/55090","targetHints":{"allow":["GET"]}}],"collection":[{"href":"https:\/\/emene.com\/fr\/wp-json\/wp\/v2\/product"}],"about":[{"href":"https:\/\/emene.com\/fr\/wp-json\/wp\/v2\/types\/product"}],"replies":[{"embeddable":true,"href":"https:\/\/emene.com\/fr\/wp-json\/wp\/v2\/comments?post=55090"}],"wp:featuredmedia":[{"embeddable":true,"href":"https:\/\/emene.com\/fr\/wp-json\/wp\/v2\/media\/3346"}],"wp:attachment":[{"href":"https:\/\/emene.com\/fr\/wp-json\/wp\/v2\/media?parent=55090"}],"wp:term":[{"taxonomy":"product_brand","embeddable":true,"href":"https:\/\/emene.com\/fr\/wp-json\/wp\/v2\/product_brand?post=55090"},{"taxonomy":"product_cat","embeddable":true,"href":"https:\/\/emene.com\/fr\/wp-json\/wp\/v2\/product_cat?post=55090"},{"taxonomy":"product_tag","embeddable":true,"href":"https:\/\/emene.com\/fr\/wp-json\/wp\/v2\/product_tag?post=55090"}],"curies":[{"name":"wp","href":"https:\/\/api.w.org\/{rel}","templated":true}]}}