{"id":55103,"date":"2023-06-12T07:44:47","date_gmt":"2023-06-12T05:44:47","guid":{"rendered":"https:\/\/emene.nueva.avantarea.com\/?post_type=product&#038;p=55103"},"modified":"2026-02-24T15:48:26","modified_gmt":"2026-02-24T14:48:26","slug":"complemento-structure-copia","status":"publish","type":"product","link":"https:\/\/emene.com\/fr\/producto\/complemento-structure-copia\/","title":{"rendered":"Compl\u00e9ment STRUCTURE"},"content":{"rendered":"<p>Compl\u00e9ment de salle de bain de 36&#215;140 cm enti\u00e8rement r\u00e9alis\u00e9 en mat\u00e9riau stratifi\u00e9. Corps finition bois et \u00e9tag\u00e8re inf\u00e9rieure avec structure m\u00e9tallique. Charni\u00e8res avec fermeture softclosing test\u00e9es \u00e0 80.000 cycles, r\u00e9glables sur les trois axes. Fixations murales capables de supporter jusqu&rsquo;\u00e0 30 Kg par fixation. Chants en PVC de 1mm. Fabriqu\u00e9 en Espagne.<\/p>\n","protected":false},"excerpt":{"rendered":"<p>Compl\u00e9ment de salle de bain de 36&#215;140 cm enti\u00e8rement r\u00e9alis\u00e9 en mat\u00e9riau stratifi\u00e9. Corps finition bois et \u00e9tag\u00e8re inf\u00e9rieure avec structure m\u00e9tallique. Charni\u00e8res avec fermeture softclosing test\u00e9es \u00e0 80.000 cycles,&#8230;<\/p>\n","protected":false},"featured_media":3332,"comment_status":"closed","ping_status":"open","template":"","meta":[],"product_brand":[474],"product_cat":[390],"product_tag":[],"class_list":{"0":"post-55103","1":"product","2":"type-product","3":"status-publish","4":"has-post-thumbnail","6":"product_brand-structure","7":"product_cat-meubles-de-salle-de-bain","8":"pa_color-blanc-alcatraz","9":"pa_color-fresno","10":"pa_color-noyer-2","11":"pa_color-ombre-kubric-2","12":"pa_color-vert-argile-2","13":"pa_color-bardolino","14":"pa_color-azabache","15":"pa_tamano-138","17":"first","18":"instock","19":"purchasable","20":"product-type-variable"},"_links":{"self":[{"href":"https:\/\/emene.com\/fr\/wp-json\/wp\/v2\/product\/55103","targetHints":{"allow":["GET"]}}],"collection":[{"href":"https:\/\/emene.com\/fr\/wp-json\/wp\/v2\/product"}],"about":[{"href":"https:\/\/emene.com\/fr\/wp-json\/wp\/v2\/types\/product"}],"replies":[{"embeddable":true,"href":"https:\/\/emene.com\/fr\/wp-json\/wp\/v2\/comments?post=55103"}],"wp:featuredmedia":[{"embeddable":true,"href":"https:\/\/emene.com\/fr\/wp-json\/wp\/v2\/media\/3332"}],"wp:attachment":[{"href":"https:\/\/emene.com\/fr\/wp-json\/wp\/v2\/media?parent=55103"}],"wp:term":[{"taxonomy":"product_brand","embeddable":true,"href":"https:\/\/emene.com\/fr\/wp-json\/wp\/v2\/product_brand?post=55103"},{"taxonomy":"product_cat","embeddable":true,"href":"https:\/\/emene.com\/fr\/wp-json\/wp\/v2\/product_cat?post=55103"},{"taxonomy":"product_tag","embeddable":true,"href":"https:\/\/emene.com\/fr\/wp-json\/wp\/v2\/product_tag?post=55103"}],"curies":[{"name":"wp","href":"https:\/\/api.w.org\/{rel}","templated":true}]}}