{"id":55108,"date":"2023-06-12T07:44:25","date_gmt":"2023-06-12T05:44:25","guid":{"rendered":"https:\/\/emene.nueva.avantarea.com\/?post_type=product&#038;p=55108"},"modified":"2026-02-24T15:48:28","modified_gmt":"2026-02-24T14:48:28","slug":"pack-structure-lavabo-espejo-led-copia","status":"publish","type":"product","link":"https:\/\/emene.com\/fr\/producto\/pack-structure-lavabo-espejo-led-copia\/","title":{"rendered":"Pack STRUCTURE + lavabo + miroir LED"},"content":{"rendered":"<p>Pack compos\u00e9 de meuble de salle de bain fabriqu\u00e9 en panneau de particules m\u00e9lamin\u00e9 de 19 mm, structure m\u00e9tallique, un tiroir de grande capacit\u00e9, fermeture douce et extraction totale. Vasque en c\u00e9ramique blanche incluse. Miroir avec \u00e9clairage LED de 9,6 W avec 600 lumens et une temp\u00e9rature de couleur de 6000 K. Fabriqu\u00e9 en Espagne.<\/p>\n","protected":false},"excerpt":{"rendered":"<p>Pack compos\u00e9 de meuble de salle de bain fabriqu\u00e9 en panneau de particules m\u00e9lamin\u00e9 de 19 mm, structure m\u00e9tallique, un tiroir de grande capacit\u00e9, fermeture douce et extraction totale. Vasque&#8230;<\/p>\n","protected":false},"featured_media":3296,"comment_status":"closed","ping_status":"closed","template":"","meta":[],"product_brand":[474],"product_cat":[390],"product_tag":[],"class_list":{"0":"post-55108","1":"product","2":"type-product","3":"status-publish","4":"has-post-thumbnail","6":"product_brand-structure","7":"product_cat-meubles-de-salle-de-bain","8":"pa_color-noyer-2","9":"pa_color-bardolino","10":"pa_color-blanco","11":"pa_color-azabache","12":"pa_tamano-571","13":"pa_tamano-131","14":"pa_tamano-130","16":"first","17":"instock","18":"purchasable","19":"product-type-variable"},"_links":{"self":[{"href":"https:\/\/emene.com\/fr\/wp-json\/wp\/v2\/product\/55108","targetHints":{"allow":["GET"]}}],"collection":[{"href":"https:\/\/emene.com\/fr\/wp-json\/wp\/v2\/product"}],"about":[{"href":"https:\/\/emene.com\/fr\/wp-json\/wp\/v2\/types\/product"}],"replies":[{"embeddable":true,"href":"https:\/\/emene.com\/fr\/wp-json\/wp\/v2\/comments?post=55108"}],"wp:featuredmedia":[{"embeddable":true,"href":"https:\/\/emene.com\/fr\/wp-json\/wp\/v2\/media\/3296"}],"wp:attachment":[{"href":"https:\/\/emene.com\/fr\/wp-json\/wp\/v2\/media?parent=55108"}],"wp:term":[{"taxonomy":"product_brand","embeddable":true,"href":"https:\/\/emene.com\/fr\/wp-json\/wp\/v2\/product_brand?post=55108"},{"taxonomy":"product_cat","embeddable":true,"href":"https:\/\/emene.com\/fr\/wp-json\/wp\/v2\/product_cat?post=55108"},{"taxonomy":"product_tag","embeddable":true,"href":"https:\/\/emene.com\/fr\/wp-json\/wp\/v2\/product_tag?post=55108"}],"curies":[{"name":"wp","href":"https:\/\/api.w.org\/{rel}","templated":true}]}}