{"id":55123,"date":"2023-06-12T07:43:29","date_gmt":"2023-06-12T05:43:29","guid":{"rendered":"https:\/\/emene.nueva.avantarea.com\/?post_type=product&#038;p=55123"},"modified":"2026-02-24T15:48:34","modified_gmt":"2026-02-24T14:48:34","slug":"pack-sens-lavabo-espejo-led-copia","status":"publish","type":"product","link":"https:\/\/emene.com\/fr\/producto\/pack-sens-lavabo-espejo-led-copia\/","title":{"rendered":"Pack SENS + lavabo + miroir LED"},"content":{"rendered":"<p>Pack meuble de salle de bain suspendu, vasque et miroir LED. Meuble sous-vasque suspendu compos\u00e9 de deux tiroirs, avec un design d\u00e9coratif aux veines du bois orient\u00e9es diff\u00e9remment. Fabriqu\u00e9 en panneau de particules finition bois stratifi\u00e9 de 19 mm avec micro-relief et des caract\u00e9ristiques de surface optimales, \u00e9cologique et recyclable. Tiroir m\u00e9tallique \u00e0 double paroi \u00e0 l&rsquo;esth\u00e9tique minimaliste, aux parois fines et aux lignes droites, fermeture amortie, accessibilit\u00e9 totale et espace arri\u00e8re disponible. Suspensions du meuble avec syst\u00e8me anti-d\u00e9crochage et r\u00e9glage horizontal et vertical. Comprend une vasque en c\u00e9ramique. Comprend un miroir LED. Le meuble est livr\u00e9 mont\u00e9, pr\u00eat \u00e0 \u00eatre fix\u00e9 au mur. Un kit de fixation du meuble est inclus. Robinet et siphon non inclus. Fabriqu\u00e9 en Espagne.<\/p>\n","protected":false},"excerpt":{"rendered":"<p>Pack meuble de salle de bain suspendu, vasque et miroir LED. Meuble sous-vasque suspendu compos\u00e9 de deux tiroirs, avec un design d\u00e9coratif aux veines du bois orient\u00e9es diff\u00e9remment. Fabriqu\u00e9 en&#8230;<\/p>\n","protected":false},"featured_media":3208,"comment_status":"closed","ping_status":"open","template":"","meta":[],"product_brand":[471],"product_cat":[390],"product_tag":[],"class_list":{"0":"post-55123","1":"product","2":"type-product","3":"status-publish","4":"has-post-thumbnail","6":"product_brand-sens","7":"product_cat-meubles-de-salle-de-bain","8":"pa_color-noyer-2","9":"pa_color-ombre-kubric-2","10":"pa_color-bardolino","11":"pa_tamano-131","12":"pa_tamano-130","14":"first","15":"instock","16":"purchasable","17":"product-type-variable"},"_links":{"self":[{"href":"https:\/\/emene.com\/fr\/wp-json\/wp\/v2\/product\/55123","targetHints":{"allow":["GET"]}}],"collection":[{"href":"https:\/\/emene.com\/fr\/wp-json\/wp\/v2\/product"}],"about":[{"href":"https:\/\/emene.com\/fr\/wp-json\/wp\/v2\/types\/product"}],"replies":[{"embeddable":true,"href":"https:\/\/emene.com\/fr\/wp-json\/wp\/v2\/comments?post=55123"}],"wp:featuredmedia":[{"embeddable":true,"href":"https:\/\/emene.com\/fr\/wp-json\/wp\/v2\/media\/3208"}],"wp:attachment":[{"href":"https:\/\/emene.com\/fr\/wp-json\/wp\/v2\/media?parent=55123"}],"wp:term":[{"taxonomy":"product_brand","embeddable":true,"href":"https:\/\/emene.com\/fr\/wp-json\/wp\/v2\/product_brand?post=55123"},{"taxonomy":"product_cat","embeddable":true,"href":"https:\/\/emene.com\/fr\/wp-json\/wp\/v2\/product_cat?post=55123"},{"taxonomy":"product_tag","embeddable":true,"href":"https:\/\/emene.com\/fr\/wp-json\/wp\/v2\/product_tag?post=55123"}],"curies":[{"name":"wp","href":"https:\/\/api.w.org\/{rel}","templated":true}]}}