{"id":55128,"date":"2023-06-12T07:42:58","date_gmt":"2023-06-12T05:42:58","guid":{"rendered":"https:\/\/emene.nueva.avantarea.com\/?post_type=product&#038;p=55128"},"modified":"2026-02-24T15:48:36","modified_gmt":"2026-02-24T14:48:36","slug":"pack-saillant-lavabo-espejo-circular-copia","status":"publish","type":"product","link":"https:\/\/emene.com\/fr\/producto\/pack-saillant-lavabo-espejo-circular-copia\/","title":{"rendered":"Pack SAILLANT + lavabo + miroir circulaire"},"content":{"rendered":"<p>Pack compos\u00e9 d&rsquo;un meuble de salle de bain, d&rsquo;un lavabo et d&rsquo;un miroir circulaire. Design du meuble avec d\u00e9tail encadr\u00e9. Meuble sous-vasque suspendu compos\u00e9 d&rsquo;un tiroir et d&rsquo;une porte. Fabriqu\u00e9 en panneau de particules de 19 mm avec rev\u00eatement m\u00e9lamin\u00e9 et des caract\u00e9ristiques de surface optimales, \u00e9cologique et recyclable. Fixations murales avec syst\u00e8me anti-d\u00e9crochage. Tiroir m\u00e9tallique \u00e0 double paroi \u00e0 l&rsquo;esth\u00e9tique minimaliste, avec des c\u00f4t\u00e9s fins et des lignes droites, fermeture amortie, capacit\u00e9 de charge de 25 kg, accessibilit\u00e9 totale et espace arri\u00e8re disponible. Charni\u00e8res nickel\u00e9es \u00e9quip\u00e9es d&rsquo;un piston amortisseur pour une fermeture douce de la porte. Comprend un lavabo \u00e0 poser en c\u00e9ramique. Comprend un miroir circulaire. Le meuble est livr\u00e9 mont\u00e9, pr\u00eat \u00e0 \u00eatre fix\u00e9 au mur. Kit de fixation du meuble inclus. Robinet et siphon non inclus. Fabriqu\u00e9 en Espagne.<\/p>\n","protected":false},"excerpt":{"rendered":"<p>Pack compos\u00e9 d&rsquo;un meuble de salle de bain, d&rsquo;un lavabo et d&rsquo;un miroir circulaire. Design du meuble avec d\u00e9tail encadr\u00e9. Meuble sous-vasque suspendu compos\u00e9 d&rsquo;un tiroir et d&rsquo;une porte. Fabriqu\u00e9&#8230;<\/p>\n","protected":false},"featured_media":3171,"comment_status":"closed","ping_status":"open","template":"","meta":[],"product_brand":[470],"product_cat":[390],"product_tag":[],"class_list":{"0":"post-55128","1":"product","2":"type-product","3":"status-publish","4":"has-post-thumbnail","6":"product_brand-saillant","7":"product_cat-meubles-de-salle-de-bain","8":"pa_color-noyer-2","9":"pa_color-ombre-kubric-2","10":"pa_color-vert-argile-2","11":"pa_color-bardolino","12":"pa_color-blanco","13":"pa_color-azabache","14":"pa_tamano-131","15":"pa_tamano-132","16":"pa_tamano-130","18":"first","19":"instock","20":"purchasable","21":"product-type-variable"},"_links":{"self":[{"href":"https:\/\/emene.com\/fr\/wp-json\/wp\/v2\/product\/55128","targetHints":{"allow":["GET"]}}],"collection":[{"href":"https:\/\/emene.com\/fr\/wp-json\/wp\/v2\/product"}],"about":[{"href":"https:\/\/emene.com\/fr\/wp-json\/wp\/v2\/types\/product"}],"replies":[{"embeddable":true,"href":"https:\/\/emene.com\/fr\/wp-json\/wp\/v2\/comments?post=55128"}],"wp:featuredmedia":[{"embeddable":true,"href":"https:\/\/emene.com\/fr\/wp-json\/wp\/v2\/media\/3171"}],"wp:attachment":[{"href":"https:\/\/emene.com\/fr\/wp-json\/wp\/v2\/media?parent=55128"}],"wp:term":[{"taxonomy":"product_brand","embeddable":true,"href":"https:\/\/emene.com\/fr\/wp-json\/wp\/v2\/product_brand?post=55128"},{"taxonomy":"product_cat","embeddable":true,"href":"https:\/\/emene.com\/fr\/wp-json\/wp\/v2\/product_cat?post=55128"},{"taxonomy":"product_tag","embeddable":true,"href":"https:\/\/emene.com\/fr\/wp-json\/wp\/v2\/product_tag?post=55128"}],"curies":[{"name":"wp","href":"https:\/\/api.w.org\/{rel}","templated":true}]}}