{"id":55141,"date":"2023-06-12T07:42:39","date_gmt":"2023-06-12T05:42:39","guid":{"rendered":"https:\/\/emene.nueva.avantarea.com\/?post_type=product&#038;p=55141"},"modified":"2026-02-24T15:48:41","modified_gmt":"2026-02-24T14:48:41","slug":"modulo-suspendido-rythme-copia","status":"publish","type":"product","link":"https:\/\/emene.com\/fr\/producto\/modulo-suspendido-rythme-copia\/","title":{"rendered":"Module suspendu RYTHME"},"content":{"rendered":"<p>Module suspendu fabriqu\u00e9 en panneau de particules m\u00e9lamin\u00e9 de 19 mm, compos\u00e9 d&rsquo;une porte \u00e0 fermeture amortie et charni\u00e8res r\u00e9glables. Le meuble est livr\u00e9 mont\u00e9, pr\u00eat \u00e0 \u00eatre fix\u00e9 au mur. Un kit de fixation pour le meuble est inclus. Fabriqu\u00e9 en Espagne.<\/p>\n","protected":false},"excerpt":{"rendered":"<p>Module suspendu fabriqu\u00e9 en panneau de particules m\u00e9lamin\u00e9 de 19 mm, compos\u00e9 d&rsquo;une porte \u00e0 fermeture amortie et charni\u00e8res r\u00e9glables. Le meuble est livr\u00e9 mont\u00e9, pr\u00eat \u00e0 \u00eatre fix\u00e9 au&#8230;<\/p>\n","protected":false},"featured_media":3150,"comment_status":"closed","ping_status":"closed","template":"","meta":[],"product_brand":[506],"product_cat":[390],"product_tag":[],"class_list":{"0":"post-55141","1":"product","2":"type-product","3":"status-publish","4":"has-post-thumbnail","6":"product_brand-rythme","7":"product_cat-meubles-de-salle-de-bain","8":"pa_color-fresno","9":"pa_color-noir-2","10":"pa_color-noyer-2","11":"pa_color-amazonite","12":"pa_color-anthracite","13":"pa_color-blanco","14":"pa_color-chene","15":"pa_color-terre-cuite","16":"pa_color-vert","17":"pa_medidas-563","18":"pa_medidas-345","19":"pa_tamano-279","21":"first","22":"instock","23":"purchasable","24":"product-type-variable"},"_links":{"self":[{"href":"https:\/\/emene.com\/fr\/wp-json\/wp\/v2\/product\/55141","targetHints":{"allow":["GET"]}}],"collection":[{"href":"https:\/\/emene.com\/fr\/wp-json\/wp\/v2\/product"}],"about":[{"href":"https:\/\/emene.com\/fr\/wp-json\/wp\/v2\/types\/product"}],"replies":[{"embeddable":true,"href":"https:\/\/emene.com\/fr\/wp-json\/wp\/v2\/comments?post=55141"}],"wp:featuredmedia":[{"embeddable":true,"href":"https:\/\/emene.com\/fr\/wp-json\/wp\/v2\/media\/3150"}],"wp:attachment":[{"href":"https:\/\/emene.com\/fr\/wp-json\/wp\/v2\/media?parent=55141"}],"wp:term":[{"taxonomy":"product_brand","embeddable":true,"href":"https:\/\/emene.com\/fr\/wp-json\/wp\/v2\/product_brand?post=55141"},{"taxonomy":"product_cat","embeddable":true,"href":"https:\/\/emene.com\/fr\/wp-json\/wp\/v2\/product_cat?post=55141"},{"taxonomy":"product_tag","embeddable":true,"href":"https:\/\/emene.com\/fr\/wp-json\/wp\/v2\/product_tag?post=55141"}],"curies":[{"name":"wp","href":"https:\/\/api.w.org\/{rel}","templated":true}]}}