{"id":55149,"date":"2023-06-12T07:41:48","date_gmt":"2023-06-12T05:41:48","guid":{"rendered":"https:\/\/emene.nueva.avantarea.com\/?post_type=product&#038;p=55149"},"modified":"2026-02-24T15:48:45","modified_gmt":"2026-02-24T14:48:45","slug":"pack-profile-lavabo-espejo-capsula-copia","status":"publish","type":"product","link":"https:\/\/emene.com\/fr\/producto\/pack-profile-lavabo-espejo-capsula-copia\/","title":{"rendered":"Pack PROFIL\u00c9 + lavabo + miroir capsule"},"content":{"rendered":"<p>Pack compos\u00e9 d&rsquo;un meuble de salle de bain, d&rsquo;une vasque et d&rsquo;un miroir. Meuble sous-vasque suspendu fabriqu\u00e9 en panneau de particules de 19 mm avec rev\u00eatement m\u00e9lamin\u00e9. Compos\u00e9 de portes avec chants d\u00e9coratifs finition dor\u00e9e. Charni\u00e8res \u00e9quip\u00e9es d&rsquo;un v\u00e9rin amortisseur pour une fermeture douce de la porte et d&rsquo;un r\u00e9glage tridimensionnel. Comprend une vasque \u00e0 poser en c\u00e9ramique. Comprend un miroir design capsule. Le meuble est livr\u00e9 mont\u00e9, pr\u00eat \u00e0 \u00eatre accroch\u00e9 au mur. Un kit de fixation pour le meuble est inclus. Robinet et siphon non inclus. Fabriqu\u00e9 en Espagne.<\/p>\n","protected":false},"excerpt":{"rendered":"<p>Pack compos\u00e9 d&rsquo;un meuble de salle de bain, d&rsquo;une vasque et d&rsquo;un miroir. Meuble sous-vasque suspendu fabriqu\u00e9 en panneau de particules de 19 mm avec rev\u00eatement m\u00e9lamin\u00e9. Compos\u00e9 de portes&#8230;<\/p>\n","protected":false},"featured_media":3101,"comment_status":"closed","ping_status":"open","template":"","meta":[],"product_brand":[469],"product_cat":[390],"product_tag":[],"class_list":{"0":"post-55149","1":"product","2":"type-product","3":"status-publish","4":"has-post-thumbnail","6":"product_brand-profile","7":"product_cat-meubles-de-salle-de-bain","8":"pa_color-fresno","9":"pa_color-noyer-2","10":"pa_color-ombre-kubric-2","11":"pa_color-vert-argile-2","12":"pa_color-bardolino","13":"pa_color-blanco","14":"pa_color-azabache","15":"pa_tamano-131","16":"pa_tamano-132","17":"pa_tamano-130","19":"first","20":"instock","21":"purchasable","22":"product-type-variable"},"_links":{"self":[{"href":"https:\/\/emene.com\/fr\/wp-json\/wp\/v2\/product\/55149","targetHints":{"allow":["GET"]}}],"collection":[{"href":"https:\/\/emene.com\/fr\/wp-json\/wp\/v2\/product"}],"about":[{"href":"https:\/\/emene.com\/fr\/wp-json\/wp\/v2\/types\/product"}],"replies":[{"embeddable":true,"href":"https:\/\/emene.com\/fr\/wp-json\/wp\/v2\/comments?post=55149"}],"wp:featuredmedia":[{"embeddable":true,"href":"https:\/\/emene.com\/fr\/wp-json\/wp\/v2\/media\/3101"}],"wp:attachment":[{"href":"https:\/\/emene.com\/fr\/wp-json\/wp\/v2\/media?parent=55149"}],"wp:term":[{"taxonomy":"product_brand","embeddable":true,"href":"https:\/\/emene.com\/fr\/wp-json\/wp\/v2\/product_brand?post=55149"},{"taxonomy":"product_cat","embeddable":true,"href":"https:\/\/emene.com\/fr\/wp-json\/wp\/v2\/product_cat?post=55149"},{"taxonomy":"product_tag","embeddable":true,"href":"https:\/\/emene.com\/fr\/wp-json\/wp\/v2\/product_tag?post=55149"}],"curies":[{"name":"wp","href":"https:\/\/api.w.org\/{rel}","templated":true}]}}