{"id":55165,"date":"2023-06-12T07:41:48","date_gmt":"2023-06-12T05:41:48","guid":{"rendered":"https:\/\/emene.nueva.avantarea.com\/?post_type=product&#038;p=55165"},"modified":"2026-02-24T15:48:52","modified_gmt":"2026-02-24T14:48:52","slug":"pack-plateau-orobico-dark-lavabo-oro-espejo-led-copia","status":"publish","type":"product","link":"https:\/\/emene.com\/fr\/producto\/pack-plateau-orobico-dark-lavabo-oro-espejo-led-copia\/","title":{"rendered":"Pack PLATEAU Orobico fonc\u00e9 + lavabo ORO + miroir LED"},"content":{"rendered":"<p>Ensemble meuble de salle de bain suspendu, vasque et miroir avec \u00e9clairage LED. Plan de toilette en mat\u00e9riau Xtone de Porcelanosa, un compact min\u00e9ral fritt\u00e9 issu de la s\u00e9lection des mati\u00e8res premi\u00e8res les plus pures, permettant d&rsquo;obtenir une surface aux performances \u00e9lev\u00e9es. Meuble de salle de bain suspendu fabriqu\u00e9 en panneau de particules finition bois stratifi\u00e9 de 19 mm avec micro-relief, dot\u00e9 d&rsquo;un tiroir \u00e0 extraction totale et fermeture amortie. Comprend une vasque \u00e0 poser en c\u00e9ramique. Comprend un miroir avec \u00e9clairage LED, IP65, 10,8 W, 1170lm et temp\u00e9rature de lumi\u00e8re 6000K. Le meuble est livr\u00e9 mont\u00e9, pr\u00eat \u00e0 \u00eatre fix\u00e9 au mur. Un kit de fixation du meuble est inclus. Robinet et siphon non inclus. Fabriqu\u00e9 en Espagne.<\/p>\n","protected":false},"excerpt":{"rendered":"<p>Ensemble meuble de salle de bain suspendu, vasque et miroir avec \u00e9clairage LED. Plan de toilette en mat\u00e9riau Xtone de Porcelanosa, un compact min\u00e9ral fritt\u00e9 issu de la s\u00e9lection des&#8230;<\/p>\n","protected":false},"featured_media":3091,"comment_status":"closed","ping_status":"open","template":"","meta":[],"product_brand":[468],"product_cat":[390],"product_tag":[],"class_list":{"0":"post-55165","1":"product","2":"type-product","3":"status-publish","4":"has-post-thumbnail","6":"product_brand-plateau","7":"product_cat-meubles-de-salle-de-bain","8":"pa_color-vert-argile-2","9":"pa_color-azabache","10":"pa_tamano-131","11":"pa_tamano-132","12":"pa_tamano-130","14":"first","15":"instock","16":"purchasable","17":"product-type-variable"},"_links":{"self":[{"href":"https:\/\/emene.com\/fr\/wp-json\/wp\/v2\/product\/55165","targetHints":{"allow":["GET"]}}],"collection":[{"href":"https:\/\/emene.com\/fr\/wp-json\/wp\/v2\/product"}],"about":[{"href":"https:\/\/emene.com\/fr\/wp-json\/wp\/v2\/types\/product"}],"replies":[{"embeddable":true,"href":"https:\/\/emene.com\/fr\/wp-json\/wp\/v2\/comments?post=55165"}],"wp:featuredmedia":[{"embeddable":true,"href":"https:\/\/emene.com\/fr\/wp-json\/wp\/v2\/media\/3091"}],"wp:attachment":[{"href":"https:\/\/emene.com\/fr\/wp-json\/wp\/v2\/media?parent=55165"}],"wp:term":[{"taxonomy":"product_brand","embeddable":true,"href":"https:\/\/emene.com\/fr\/wp-json\/wp\/v2\/product_brand?post=55165"},{"taxonomy":"product_cat","embeddable":true,"href":"https:\/\/emene.com\/fr\/wp-json\/wp\/v2\/product_cat?post=55165"},{"taxonomy":"product_tag","embeddable":true,"href":"https:\/\/emene.com\/fr\/wp-json\/wp\/v2\/product_tag?post=55165"}],"curies":[{"name":"wp","href":"https:\/\/api.w.org\/{rel}","templated":true}]}}