{"id":55169,"date":"2023-06-12T07:39:28","date_gmt":"2023-06-12T05:39:28","guid":{"rendered":"https:\/\/emene.nueva.avantarea.com\/?post_type=product&#038;p=55169"},"modified":"2026-02-24T15:48:53","modified_gmt":"2026-02-24T14:48:53","slug":"pack-pas-mueble-suspendido-lavabo-espejo-aplique-led-copia","status":"publish","type":"product","link":"https:\/\/emene.com\/fr\/producto\/pack-pas-mueble-suspendido-lavabo-espejo-aplique-led-copia\/","title":{"rendered":"Pack PAS + meuble suspendu + lavabo + miroir + applique LED"},"content":{"rendered":"<p>Pack compos\u00e9 d&rsquo;un meuble de salle de bain fabriqu\u00e9 en mat\u00e9riau stratifi\u00e9 finition bois, avec deux modules \u00e0 tiroirs de grande capacit\u00e9 et fermeture softclosing. Comprend une vasque \u00e0 poser en c\u00e9ramique blanche, un miroir lisse et un spot d&rsquo;\u00e9clairage LED. Fabriqu\u00e9 en Espagne.<\/p>\n","protected":false},"excerpt":{"rendered":"<p>Pack compos\u00e9 d&rsquo;un meuble de salle de bain fabriqu\u00e9 en mat\u00e9riau stratifi\u00e9 finition bois, avec deux modules \u00e0 tiroirs de grande capacit\u00e9 et fermeture softclosing. Comprend une vasque \u00e0 poser&#8230;<\/p>\n","protected":false},"featured_media":19963,"comment_status":"closed","ping_status":"closed","template":"","meta":[],"product_brand":[466],"product_cat":[390],"product_tag":[],"class_list":{"0":"post-55169","1":"product","2":"type-product","3":"status-publish","4":"has-post-thumbnail","6":"product_brand-pas","7":"product_cat-meubles-de-salle-de-bain","8":"pa_color-bardolino","9":"pa_color-blanco","10":"pa_color-azabache","11":"pa_tamano-80-00","12":"pa_tamano-131","13":"pa_tamano-120-00","14":"pa_tamano-132","15":"pa_tamano-160-00","16":"pa_tamano-130","18":"first","19":"instock","20":"purchasable","21":"product-type-variable"},"_links":{"self":[{"href":"https:\/\/emene.com\/fr\/wp-json\/wp\/v2\/product\/55169","targetHints":{"allow":["GET"]}}],"collection":[{"href":"https:\/\/emene.com\/fr\/wp-json\/wp\/v2\/product"}],"about":[{"href":"https:\/\/emene.com\/fr\/wp-json\/wp\/v2\/types\/product"}],"replies":[{"embeddable":true,"href":"https:\/\/emene.com\/fr\/wp-json\/wp\/v2\/comments?post=55169"}],"wp:featuredmedia":[{"embeddable":true,"href":"https:\/\/emene.com\/fr\/wp-json\/wp\/v2\/media\/19963"}],"wp:attachment":[{"href":"https:\/\/emene.com\/fr\/wp-json\/wp\/v2\/media?parent=55169"}],"wp:term":[{"taxonomy":"product_brand","embeddable":true,"href":"https:\/\/emene.com\/fr\/wp-json\/wp\/v2\/product_brand?post=55169"},{"taxonomy":"product_cat","embeddable":true,"href":"https:\/\/emene.com\/fr\/wp-json\/wp\/v2\/product_cat?post=55169"},{"taxonomy":"product_tag","embeddable":true,"href":"https:\/\/emene.com\/fr\/wp-json\/wp\/v2\/product_tag?post=55169"}],"curies":[{"name":"wp","href":"https:\/\/api.w.org\/{rel}","templated":true}]}}