{"id":55179,"date":"2023-06-12T07:39:13","date_gmt":"2023-06-12T05:39:13","guid":{"rendered":"https:\/\/emene.nueva.avantarea.com\/?post_type=product&#038;p=55179"},"modified":"2026-02-24T15:48:57","modified_gmt":"2026-02-24T14:48:57","slug":"pack-ouvert-lavabo-espejo-led-copia","status":"publish","type":"product","link":"https:\/\/emene.com\/fr\/producto\/pack-ouvert-lavabo-espejo-led-copia\/","title":{"rendered":"Pack OUVERT + lavabo + miroir LED"},"content":{"rendered":"<p>Pack compos\u00e9 de meuble de salle de bain r\u00e9alis\u00e9 en panneau de particules m\u00e9lamin\u00e9 de 19mm. Meuble ouvert d\u00e9coratif avec porte-serviettes int\u00e9gr\u00e9. Vasque \u00e0 poser en c\u00e9ramique blanche incluse. Miroir avec \u00e9clairage LED int\u00e9gr\u00e9 inclus IP54, 6000\u00baK, 8,5W, 920 lumens. Fabriqu\u00e9 en Espagne.<\/p>\n","protected":false},"excerpt":{"rendered":"<p>Pack compos\u00e9 de meuble de salle de bain r\u00e9alis\u00e9 en panneau de particules m\u00e9lamin\u00e9 de 19mm. Meuble ouvert d\u00e9coratif avec porte-serviettes int\u00e9gr\u00e9. Vasque \u00e0 poser en c\u00e9ramique blanche incluse. Miroir&#8230;<\/p>\n","protected":false},"featured_media":2850,"comment_status":"closed","ping_status":"closed","template":"","meta":[],"product_brand":[465],"product_cat":[390],"product_tag":[],"class_list":{"0":"post-55179","1":"product","2":"type-product","3":"status-publish","4":"has-post-thumbnail","6":"product_brand-ouvert","7":"product_cat-meubles-de-salle-de-bain","8":"pa_color-fresno","9":"pa_color-noyer-2","10":"pa_color-bardolino","11":"pa_color-blanco","12":"pa_color-azabache","13":"pa_tamano-571","14":"pa_tamano-131","15":"pa_tamano-130","17":"first","18":"instock","19":"purchasable","20":"product-type-variable"},"_links":{"self":[{"href":"https:\/\/emene.com\/fr\/wp-json\/wp\/v2\/product\/55179","targetHints":{"allow":["GET"]}}],"collection":[{"href":"https:\/\/emene.com\/fr\/wp-json\/wp\/v2\/product"}],"about":[{"href":"https:\/\/emene.com\/fr\/wp-json\/wp\/v2\/types\/product"}],"replies":[{"embeddable":true,"href":"https:\/\/emene.com\/fr\/wp-json\/wp\/v2\/comments?post=55179"}],"wp:featuredmedia":[{"embeddable":true,"href":"https:\/\/emene.com\/fr\/wp-json\/wp\/v2\/media\/2850"}],"wp:attachment":[{"href":"https:\/\/emene.com\/fr\/wp-json\/wp\/v2\/media?parent=55179"}],"wp:term":[{"taxonomy":"product_brand","embeddable":true,"href":"https:\/\/emene.com\/fr\/wp-json\/wp\/v2\/product_brand?post=55179"},{"taxonomy":"product_cat","embeddable":true,"href":"https:\/\/emene.com\/fr\/wp-json\/wp\/v2\/product_cat?post=55179"},{"taxonomy":"product_tag","embeddable":true,"href":"https:\/\/emene.com\/fr\/wp-json\/wp\/v2\/product_tag?post=55179"}],"curies":[{"name":"wp","href":"https:\/\/api.w.org\/{rel}","templated":true}]}}