{"id":55213,"date":"2023-06-12T07:35:20","date_gmt":"2023-06-12T05:35:20","guid":{"rendered":"https:\/\/emene.nueva.avantarea.com\/?post_type=product&#038;p=55213"},"modified":"2026-02-24T15:49:11","modified_gmt":"2026-02-24T14:49:11","slug":"pack-mueble-de-bano-metal-lavabo-espejo-led-copia","status":"publish","type":"product","link":"https:\/\/emene.com\/fr\/producto\/pack-mueble-de-bano-metal-lavabo-espejo-led-copia\/","title":{"rendered":"Pack meuble de salle de bain METAL + lavabo + miroir LED"},"content":{"rendered":"<p>Pack de salle de bain compos\u00e9 d&rsquo;un meuble de salle de bain, d&rsquo;une vasque et d&rsquo;un miroir avec \u00e9clairage LED. Meuble sous-vasque fabriqu\u00e9 en panneau de particules m\u00e9lamin\u00e9 de 19 mm, compos\u00e9 de deux tiroirs avec fermeture douce, extraction totale et ouverture par poign\u00e9e profil\u00e9e. Pieds et poign\u00e9es noirs contrastants. Comprend une vasque en c\u00e9ramique blanc brillant. Comprend un miroir avec \u00e9clairage LED, IP65, 8,4W, 910lm et temp\u00e9rature de lumi\u00e8re 6000K. Le meuble est livr\u00e9 mont\u00e9, pr\u00eat \u00e0 \u00eatre fix\u00e9 au mur. Un kit de fixation pour le meuble est inclus. Robinet et siphon non inclus. Fabriqu\u00e9 en Espagne.<\/p>\n","protected":false},"excerpt":{"rendered":"<p>Pack de salle de bain compos\u00e9 d&rsquo;un meuble de salle de bain, d&rsquo;une vasque et d&rsquo;un miroir avec \u00e9clairage LED. Meuble sous-vasque fabriqu\u00e9 en panneau de particules m\u00e9lamin\u00e9 de 19&#8230;<\/p>\n","protected":false},"featured_media":2590,"comment_status":"closed","ping_status":"closed","template":"","meta":[],"product_brand":[460],"product_cat":[390],"product_tag":[],"class_list":{"0":"post-55213","1":"product","2":"type-product","3":"status-publish","4":"has-post-thumbnail","6":"product_brand-metal","7":"product_cat-meubles-de-salle-de-bain","8":"pa_color-fresno","9":"pa_color-noyer-2","10":"pa_color-bardolino","11":"pa_color-azabache","12":"pa_tamano-571","13":"pa_tamano-131","14":"pa_tamano-130","16":"first","17":"instock","18":"purchasable","19":"product-type-variable"},"_links":{"self":[{"href":"https:\/\/emene.com\/fr\/wp-json\/wp\/v2\/product\/55213","targetHints":{"allow":["GET"]}}],"collection":[{"href":"https:\/\/emene.com\/fr\/wp-json\/wp\/v2\/product"}],"about":[{"href":"https:\/\/emene.com\/fr\/wp-json\/wp\/v2\/types\/product"}],"replies":[{"embeddable":true,"href":"https:\/\/emene.com\/fr\/wp-json\/wp\/v2\/comments?post=55213"}],"wp:featuredmedia":[{"embeddable":true,"href":"https:\/\/emene.com\/fr\/wp-json\/wp\/v2\/media\/2590"}],"wp:attachment":[{"href":"https:\/\/emene.com\/fr\/wp-json\/wp\/v2\/media?parent=55213"}],"wp:term":[{"taxonomy":"product_brand","embeddable":true,"href":"https:\/\/emene.com\/fr\/wp-json\/wp\/v2\/product_brand?post=55213"},{"taxonomy":"product_cat","embeddable":true,"href":"https:\/\/emene.com\/fr\/wp-json\/wp\/v2\/product_cat?post=55213"},{"taxonomy":"product_tag","embeddable":true,"href":"https:\/\/emene.com\/fr\/wp-json\/wp\/v2\/product_tag?post=55213"}],"curies":[{"name":"wp","href":"https:\/\/api.w.org\/{rel}","templated":true}]}}