{"id":55239,"date":"2023-06-12T07:34:20","date_gmt":"2023-06-12T05:34:20","guid":{"rendered":"https:\/\/emene.nueva.avantarea.com\/?post_type=product&#038;p=55239"},"modified":"2026-02-24T15:49:22","modified_gmt":"2026-02-24T14:49:22","slug":"pack-lueur-lavabo-sobreencimera-espejo-led-copia","status":"publish","type":"product","link":"https:\/\/emene.com\/fr\/producto\/pack-lueur-lavabo-sobreencimera-espejo-led-copia\/","title":{"rendered":"Pack LUEUR + vasque \u00e0 poser + miroir LED"},"content":{"rendered":"<p>Pack compos\u00e9 d&rsquo;un meuble de salle de bain, d&rsquo;une vasque et d&rsquo;un miroir. Meuble suspendu pour vasque, fabriqu\u00e9 en panneau de particules m\u00e9lamin\u00e9 de 19 mm, comprenant un tiroir de grande capacit\u00e9 \u00e0 fermeture douce, avec un espace d\u00e9coratif inf\u00e9rieur \u00e9clair\u00e9 par une bande LED. Comprend une vasque en c\u00e9ramique blanc brillant. Comprend un miroir avec \u00e9clairage LED, IP65, 10,8 W, 1170lm et une temp\u00e9rature de lumi\u00e8re de 6000K. Le meuble est livr\u00e9 mont\u00e9, pr\u00eat \u00e0 \u00eatre fix\u00e9 au mur. Un kit de fixation pour le meuble est inclus. Robinet et siphon non inclus. Fabriqu\u00e9 en Espagne.<\/p>\n","protected":false},"excerpt":{"rendered":"<p>Pack compos\u00e9 d&rsquo;un meuble de salle de bain, d&rsquo;une vasque et d&rsquo;un miroir. Meuble suspendu pour vasque, fabriqu\u00e9 en panneau de particules m\u00e9lamin\u00e9 de 19 mm, comprenant un tiroir de&#8230;<\/p>\n","protected":false},"featured_media":2490,"comment_status":"closed","ping_status":"closed","template":"","meta":[],"product_brand":[458],"product_cat":[390],"product_tag":[],"class_list":{"0":"post-55239","1":"product","2":"type-product","3":"status-publish","4":"has-post-thumbnail","6":"product_brand-lueur","7":"product_cat-meubles-de-salle-de-bain","8":"pa_color-noir-2","9":"pa_color-noyer-2","10":"pa_color-bardolino","11":"pa_color-blanco","12":"pa_color-azabache","13":"pa_tamano-571","14":"pa_tamano-131","15":"pa_tamano-132","16":"pa_tamano-130","18":"first","19":"instock","20":"purchasable","21":"product-type-variable"},"_links":{"self":[{"href":"https:\/\/emene.com\/fr\/wp-json\/wp\/v2\/product\/55239","targetHints":{"allow":["GET"]}}],"collection":[{"href":"https:\/\/emene.com\/fr\/wp-json\/wp\/v2\/product"}],"about":[{"href":"https:\/\/emene.com\/fr\/wp-json\/wp\/v2\/types\/product"}],"replies":[{"embeddable":true,"href":"https:\/\/emene.com\/fr\/wp-json\/wp\/v2\/comments?post=55239"}],"wp:featuredmedia":[{"embeddable":true,"href":"https:\/\/emene.com\/fr\/wp-json\/wp\/v2\/media\/2490"}],"wp:attachment":[{"href":"https:\/\/emene.com\/fr\/wp-json\/wp\/v2\/media?parent=55239"}],"wp:term":[{"taxonomy":"product_brand","embeddable":true,"href":"https:\/\/emene.com\/fr\/wp-json\/wp\/v2\/product_brand?post=55239"},{"taxonomy":"product_cat","embeddable":true,"href":"https:\/\/emene.com\/fr\/wp-json\/wp\/v2\/product_cat?post=55239"},{"taxonomy":"product_tag","embeddable":true,"href":"https:\/\/emene.com\/fr\/wp-json\/wp\/v2\/product_tag?post=55239"}],"curies":[{"name":"wp","href":"https:\/\/api.w.org\/{rel}","templated":true}]}}