{"id":55260,"date":"2023-06-12T07:34:20","date_gmt":"2023-06-12T05:34:20","guid":{"rendered":"https:\/\/emene.nueva.avantarea.com\/?post_type=product&#038;p=55260"},"modified":"2026-02-24T15:49:31","modified_gmt":"2026-02-24T14:49:31","slug":"pack-leger-lavabo-espejo-led-copia","status":"publish","type":"product","link":"https:\/\/emene.com\/fr\/producto\/pack-leger-lavabo-espejo-led-copia\/","title":{"rendered":"Pack L\u00c9GER + lavabo + miroir LED"},"content":{"rendered":"<p>Pack compos\u00e9 d&rsquo;un meuble de salle de bain de 60 cm de profondeur r\u00e9duite 36 cm, fabriqu\u00e9 en panneau de particules m\u00e9lamin\u00e9 de 19mm, comprenant un tiroir de grande capacit\u00e9 avec fermeture douce et extraction totale. Vasque \u00e0 poser en c\u00e9ramique blanche incluse. Miroir de 60&#215;50 avec \u00e9clairage LED int\u00e9gr\u00e9 IP54 inclus. Fabriqu\u00e9 en Espagne.<\/p>\n","protected":false},"excerpt":{"rendered":"<p>Pack compos\u00e9 d&rsquo;un meuble de salle de bain de 60 cm de profondeur r\u00e9duite 36 cm, fabriqu\u00e9 en panneau de particules m\u00e9lamin\u00e9 de 19mm, comprenant un tiroir de grande capacit\u00e9&#8230;<\/p>\n","protected":false},"featured_media":19298,"comment_status":"closed","ping_status":"closed","template":"","meta":[],"product_brand":[457],"product_cat":[390],"product_tag":[],"class_list":{"0":"post-55260","1":"product","2":"type-product","3":"status-publish","4":"has-post-thumbnail","6":"product_brand-leger","7":"product_cat-meubles-de-salle-de-bain","8":"pa_color-fresno","9":"pa_color-noyer-blanc-mat-2","10":"pa_color-ombre-kubric-2","11":"pa_color-vert-argile-2","12":"pa_color-bardolino","13":"pa_color-blanco","14":"pa_color-azabache","15":"pa_color-vert","16":"pa_tamano-133","18":"first","19":"instock","20":"purchasable","21":"product-type-variable"},"_links":{"self":[{"href":"https:\/\/emene.com\/fr\/wp-json\/wp\/v2\/product\/55260","targetHints":{"allow":["GET"]}}],"collection":[{"href":"https:\/\/emene.com\/fr\/wp-json\/wp\/v2\/product"}],"about":[{"href":"https:\/\/emene.com\/fr\/wp-json\/wp\/v2\/types\/product"}],"replies":[{"embeddable":true,"href":"https:\/\/emene.com\/fr\/wp-json\/wp\/v2\/comments?post=55260"}],"wp:featuredmedia":[{"embeddable":true,"href":"https:\/\/emene.com\/fr\/wp-json\/wp\/v2\/media\/19298"}],"wp:attachment":[{"href":"https:\/\/emene.com\/fr\/wp-json\/wp\/v2\/media?parent=55260"}],"wp:term":[{"taxonomy":"product_brand","embeddable":true,"href":"https:\/\/emene.com\/fr\/wp-json\/wp\/v2\/product_brand?post=55260"},{"taxonomy":"product_cat","embeddable":true,"href":"https:\/\/emene.com\/fr\/wp-json\/wp\/v2\/product_cat?post=55260"},{"taxonomy":"product_tag","embeddable":true,"href":"https:\/\/emene.com\/fr\/wp-json\/wp\/v2\/product_tag?post=55260"}],"curies":[{"name":"wp","href":"https:\/\/api.w.org\/{rel}","templated":true}]}}