{"id":55266,"date":"2023-06-12T07:33:52","date_gmt":"2023-06-12T05:33:52","guid":{"rendered":"https:\/\/emene.nueva.avantarea.com\/?post_type=product&#038;p=55266"},"modified":"2026-02-24T15:49:33","modified_gmt":"2026-02-24T14:49:33","slug":"pack-mueble-de-bano-lattis-lavabo-espejo-led-copia","status":"publish","type":"product","link":"https:\/\/emene.com\/fr\/producto\/pack-mueble-de-bano-lattis-lavabo-espejo-led-copia\/","title":{"rendered":"Pack meuble de salle de bain LATTIS + lavabo + miroir LED"},"content":{"rendered":"<p>Pack de salle de bain compos\u00e9 d&rsquo;un meuble de salle de bain, d&rsquo;un lavabo et d&rsquo;un miroir avec \u00e9clairage LED. Meuble sous-lavabo suspendu fabriqu\u00e9 en panneau de particules m\u00e9lamin\u00e9 de 19 mm, compos\u00e9 de deux portes avec fermeture douce et charni\u00e8res r\u00e9glables. Porte d\u00e9cor\u00e9e par technique laser. Comprend une vasque \u00e0 poser en c\u00e9ramique blanc brillant. Comprend un miroir avec \u00e9clairage LED, IP65, 8,4W, 910lm et une temp\u00e9rature de lumi\u00e8re de 6000K. Le meuble est livr\u00e9 mont\u00e9, pr\u00eat \u00e0 \u00eatre fix\u00e9 au mur. Un kit de fixation pour le meuble est inclus. Robinet et siphon non inclus. Fabriqu\u00e9 en Espagne.<\/p>\n","protected":false},"excerpt":{"rendered":"<p>Pack de salle de bain compos\u00e9 d&rsquo;un meuble de salle de bain, d&rsquo;un lavabo et d&rsquo;un miroir avec \u00e9clairage LED. Meuble sous-lavabo suspendu fabriqu\u00e9 en panneau de particules m\u00e9lamin\u00e9 de&#8230;<\/p>\n","protected":false},"featured_media":2459,"comment_status":"closed","ping_status":"closed","template":"","meta":[],"product_brand":[456],"product_cat":[390],"product_tag":[],"class_list":{"0":"post-55266","1":"product","2":"type-product","3":"status-publish","4":"has-post-thumbnail","6":"product_brand-lattis","7":"product_cat-meubles-de-salle-de-bain","8":"pa_color-noyer-2","9":"pa_color-bardolino","10":"pa_color-azabache","11":"pa_tamano-571","13":"first","14":"instock","15":"purchasable","16":"product-type-variable"},"_links":{"self":[{"href":"https:\/\/emene.com\/fr\/wp-json\/wp\/v2\/product\/55266","targetHints":{"allow":["GET"]}}],"collection":[{"href":"https:\/\/emene.com\/fr\/wp-json\/wp\/v2\/product"}],"about":[{"href":"https:\/\/emene.com\/fr\/wp-json\/wp\/v2\/types\/product"}],"replies":[{"embeddable":true,"href":"https:\/\/emene.com\/fr\/wp-json\/wp\/v2\/comments?post=55266"}],"wp:featuredmedia":[{"embeddable":true,"href":"https:\/\/emene.com\/fr\/wp-json\/wp\/v2\/media\/2459"}],"wp:attachment":[{"href":"https:\/\/emene.com\/fr\/wp-json\/wp\/v2\/media?parent=55266"}],"wp:term":[{"taxonomy":"product_brand","embeddable":true,"href":"https:\/\/emene.com\/fr\/wp-json\/wp\/v2\/product_brand?post=55266"},{"taxonomy":"product_cat","embeddable":true,"href":"https:\/\/emene.com\/fr\/wp-json\/wp\/v2\/product_cat?post=55266"},{"taxonomy":"product_tag","embeddable":true,"href":"https:\/\/emene.com\/fr\/wp-json\/wp\/v2\/product_tag?post=55266"}],"curies":[{"name":"wp","href":"https:\/\/api.w.org\/{rel}","templated":true}]}}