{"id":55271,"date":"2023-06-12T07:33:21","date_gmt":"2023-06-12T05:33:21","guid":{"rendered":"https:\/\/emene.nueva.avantarea.com\/?post_type=product&#038;p=55271"},"modified":"2026-02-24T15:49:35","modified_gmt":"2026-02-24T14:49:35","slug":"complemento-lattis-copia","status":"publish","type":"product","link":"https:\/\/emene.com\/fr\/producto\/complemento-lattis-copia\/","title":{"rendered":"Compl\u00e9ment LATTIS"},"content":{"rendered":"<p>Module auxiliaire de salle de bain, parfait pour augmenter l&rsquo;espace de rangement. Meuble suspendu \u00e0 une porte d\u00e9cor\u00e9e par technologie laser avec \u00e9tag\u00e8res int\u00e9rieures. Fabriqu\u00e9 en mat\u00e9riau stratifi\u00e9 de 19 mm. Charni\u00e8res avec fermeture softclosing test\u00e9es \u00e0 40 000 cycles r\u00e9glables sur les trois axes. Accroches murales avec r\u00e9glage sur 3 axes et avec une capacit\u00e9 de charge de 65Kg par accroche selon DIN-68840 certifi\u00e9 par LGA. Chants en PVC de 1 mm. Fabriqu\u00e9 en Espagne.<\/p>\n","protected":false},"excerpt":{"rendered":"<p>Module auxiliaire de salle de bain, parfait pour augmenter l&rsquo;espace de rangement. Meuble suspendu \u00e0 une porte d\u00e9cor\u00e9e par technologie laser avec \u00e9tag\u00e8res int\u00e9rieures. Fabriqu\u00e9 en mat\u00e9riau stratifi\u00e9 de 19&#8230;<\/p>\n","protected":false},"featured_media":2430,"comment_status":"closed","ping_status":"closed","template":"","meta":[],"product_brand":[456],"product_cat":[390],"product_tag":[],"class_list":{"0":"post-55271","1":"product","2":"type-product","3":"status-publish","4":"has-post-thumbnail","6":"product_brand-lattis","7":"product_cat-meubles-de-salle-de-bain","8":"pa_color-noyer-2","9":"pa_color-bardolino","10":"pa_color-azabache","11":"pa_tamano-552","12":"pa_tamano-70-00","14":"first","15":"instock","16":"purchasable","17":"product-type-variable"},"_links":{"self":[{"href":"https:\/\/emene.com\/fr\/wp-json\/wp\/v2\/product\/55271","targetHints":{"allow":["GET"]}}],"collection":[{"href":"https:\/\/emene.com\/fr\/wp-json\/wp\/v2\/product"}],"about":[{"href":"https:\/\/emene.com\/fr\/wp-json\/wp\/v2\/types\/product"}],"replies":[{"embeddable":true,"href":"https:\/\/emene.com\/fr\/wp-json\/wp\/v2\/comments?post=55271"}],"wp:featuredmedia":[{"embeddable":true,"href":"https:\/\/emene.com\/fr\/wp-json\/wp\/v2\/media\/2430"}],"wp:attachment":[{"href":"https:\/\/emene.com\/fr\/wp-json\/wp\/v2\/media?parent=55271"}],"wp:term":[{"taxonomy":"product_brand","embeddable":true,"href":"https:\/\/emene.com\/fr\/wp-json\/wp\/v2\/product_brand?post=55271"},{"taxonomy":"product_cat","embeddable":true,"href":"https:\/\/emene.com\/fr\/wp-json\/wp\/v2\/product_cat?post=55271"},{"taxonomy":"product_tag","embeddable":true,"href":"https:\/\/emene.com\/fr\/wp-json\/wp\/v2\/product_tag?post=55271"}],"curies":[{"name":"wp","href":"https:\/\/api.w.org\/{rel}","templated":true}]}}