{"id":55290,"date":"2023-06-12T07:32:59","date_gmt":"2023-06-12T05:32:59","guid":{"rendered":"https:\/\/emene.nueva.avantarea.com\/?post_type=product&#038;p=55290"},"modified":"2026-02-24T15:49:42","modified_gmt":"2026-02-24T14:49:42","slug":"iluminacion-i-30-copia","status":"publish","type":"product","link":"https:\/\/emene.com\/fr\/producto\/iluminacion-i-30-copia\/","title":{"rendered":"\u00c9CLAIRAGE I-30"},"content":{"rendered":"<p>\u00c9clairage LED de 30 cm de 8 W avec 480 lumens et temp\u00e9rature de couleur de 6000 K.<\/p>\n","protected":false},"excerpt":{"rendered":"<p>\u00c9clairage LED de 30 cm de 8 W avec 480 lumens et temp\u00e9rature de couleur de 6000 K.<\/p>\n","protected":false},"featured_media":2362,"comment_status":"closed","ping_status":"open","template":"","meta":[],"product_brand":[455],"product_cat":[390,26],"product_tag":[],"class_list":{"0":"post-55290","1":"product","2":"type-product","3":"status-publish","4":"has-post-thumbnail","6":"product_brand-iluminacion","7":"product_cat-meubles-de-salle-de-bain","8":"product_cat-muebles-de-bano","10":"first","11":"instock","12":"purchasable","13":"product-type-simple"},"_links":{"self":[{"href":"https:\/\/emene.com\/fr\/wp-json\/wp\/v2\/product\/55290","targetHints":{"allow":["GET"]}}],"collection":[{"href":"https:\/\/emene.com\/fr\/wp-json\/wp\/v2\/product"}],"about":[{"href":"https:\/\/emene.com\/fr\/wp-json\/wp\/v2\/types\/product"}],"replies":[{"embeddable":true,"href":"https:\/\/emene.com\/fr\/wp-json\/wp\/v2\/comments?post=55290"}],"wp:featuredmedia":[{"embeddable":true,"href":"https:\/\/emene.com\/fr\/wp-json\/wp\/v2\/media\/2362"}],"wp:attachment":[{"href":"https:\/\/emene.com\/fr\/wp-json\/wp\/v2\/media?parent=55290"}],"wp:term":[{"taxonomy":"product_brand","embeddable":true,"href":"https:\/\/emene.com\/fr\/wp-json\/wp\/v2\/product_brand?post=55290"},{"taxonomy":"product_cat","embeddable":true,"href":"https:\/\/emene.com\/fr\/wp-json\/wp\/v2\/product_cat?post=55290"},{"taxonomy":"product_tag","embeddable":true,"href":"https:\/\/emene.com\/fr\/wp-json\/wp\/v2\/product_tag?post=55290"}],"curies":[{"name":"wp","href":"https:\/\/api.w.org\/{rel}","templated":true}]}}