{"id":55292,"date":"2023-06-12T07:32:14","date_gmt":"2023-06-12T05:32:14","guid":{"rendered":"https:\/\/emene.nueva.avantarea.com\/?post_type=product&#038;p=55292"},"modified":"2026-02-21T11:12:16","modified_gmt":"2026-02-21T10:12:16","slug":"pack-haute-lavabo-espejo-aplique-led-copia","status":"publish","type":"product","link":"https:\/\/emene.com\/fr\/producto\/pack-haute-lavabo-espejo-aplique-led-copia\/","title":{"rendered":"Pack HAUTE + lavabo + miroir + applique LED"},"content":{"rendered":"<p>Ensemble de salle de bain comprenant un meuble de salle de bain, une vasque, un miroir et une applique LED. Meuble sous-vasque suspendu, fabriqu\u00e9 en panneau de particules m\u00e9lamin\u00e9 de 19 mm, dot\u00e9 d&rsquo;un tiroir \u00e0 sortie totale avec fermeture amortie. Vasque \u00e0 poser fabriqu\u00e9e en Krion, mat\u00e9riau Solid Surface r\u00e9sistant et antibact\u00e9rien. Comprend un miroir et une applique LED 6000K. Le meuble est livr\u00e9 mont\u00e9, pr\u00eat \u00e0 \u00eatre fix\u00e9 au mur. Un kit de fixation pour le meuble est inclus. Robinet et siphon non inclus. Fabriqu\u00e9 en Espagne.<\/p>\n","protected":false},"excerpt":{"rendered":"<p>Ensemble de salle de bain comprenant un meuble de salle de bain, une vasque, un miroir et une applique LED. Meuble sous-vasque suspendu, fabriqu\u00e9 en panneau de particules m\u00e9lamin\u00e9 de&#8230;<\/p>\n","protected":false},"featured_media":2297,"comment_status":"closed","ping_status":"closed","template":"","meta":[],"product_brand":[454],"product_cat":[390],"product_tag":[],"class_list":{"0":"post-55292","1":"product","2":"type-product","3":"status-publish","4":"has-post-thumbnail","6":"product_brand-haute","7":"product_cat-meubles-de-salle-de-bain","8":"pa_color-noir-2","9":"pa_color-noyer-2","10":"pa_color-bardolino","11":"pa_color-blanco","12":"pa_color-azabache","13":"pa_tamano-571","14":"pa_tamano-131","15":"pa_tamano-132","16":"pa_tamano-130","18":"first","19":"instock","20":"purchasable","21":"product-type-variable"},"_links":{"self":[{"href":"https:\/\/emene.com\/fr\/wp-json\/wp\/v2\/product\/55292","targetHints":{"allow":["GET"]}}],"collection":[{"href":"https:\/\/emene.com\/fr\/wp-json\/wp\/v2\/product"}],"about":[{"href":"https:\/\/emene.com\/fr\/wp-json\/wp\/v2\/types\/product"}],"replies":[{"embeddable":true,"href":"https:\/\/emene.com\/fr\/wp-json\/wp\/v2\/comments?post=55292"}],"wp:featuredmedia":[{"embeddable":true,"href":"https:\/\/emene.com\/fr\/wp-json\/wp\/v2\/media\/2297"}],"wp:attachment":[{"href":"https:\/\/emene.com\/fr\/wp-json\/wp\/v2\/media?parent=55292"}],"wp:term":[{"taxonomy":"product_brand","embeddable":true,"href":"https:\/\/emene.com\/fr\/wp-json\/wp\/v2\/product_brand?post=55292"},{"taxonomy":"product_cat","embeddable":true,"href":"https:\/\/emene.com\/fr\/wp-json\/wp\/v2\/product_cat?post=55292"},{"taxonomy":"product_tag","embeddable":true,"href":"https:\/\/emene.com\/fr\/wp-json\/wp\/v2\/product_tag?post=55292"}],"curies":[{"name":"wp","href":"https:\/\/api.w.org\/{rel}","templated":true}]}}