{"id":55314,"date":"2023-06-12T07:32:14","date_gmt":"2023-06-12T05:32:14","guid":{"rendered":"https:\/\/emene.nueva.avantarea.com\/?post_type=product&#038;p=55314"},"modified":"2026-02-24T15:49:43","modified_gmt":"2026-02-24T14:49:43","slug":"columna-hidromasaje-block-anodizada-copia","status":"publish","type":"product","link":"https:\/\/emene.com\/fr\/producto\/columna-hidromasaje-block-anodizada-copia\/","title":{"rendered":"COLONNE HYDROMASSAGE BLOCK anodis\u00e9e"},"content":{"rendered":"<p>COLUMNA HIDROMASAJE BLOCK anodis\u00e9. Colonne d&rsquo;hydromassage thermostatique. Actionnement par volant. Comprend : 7 Jets orientables, bras de douche 20\u00d720 cm, douchette 2 fonctions, flexible m\u00e9tallique de 150 cm et panneau en aluminium anodis\u00e9 1500\u00d7200 mm. Finition aluminium-chrome.<\/p>\n","protected":false},"excerpt":{"rendered":"<p>COLUMNA HIDROMASAJE BLOCK anodis\u00e9. Colonne d&rsquo;hydromassage thermostatique. Actionnement par volant. Comprend : 7 Jets orientables, bras de douche 20\u00d720 cm, douchette 2 fonctions, flexible m\u00e9tallique de 150 cm et panneau&#8230;<\/p>\n","protected":false},"featured_media":2286,"comment_status":"closed","ping_status":"open","template":"","meta":[],"product_brand":[453],"product_cat":[390,26],"product_tag":[],"class_list":{"0":"post-55314","1":"product","2":"type-product","3":"status-publish","4":"has-post-thumbnail","6":"product_brand-grifos","7":"product_cat-meubles-de-salle-de-bain","8":"product_cat-muebles-de-bano","10":"first","11":"instock","12":"purchasable","13":"product-type-simple"},"_links":{"self":[{"href":"https:\/\/emene.com\/fr\/wp-json\/wp\/v2\/product\/55314","targetHints":{"allow":["GET"]}}],"collection":[{"href":"https:\/\/emene.com\/fr\/wp-json\/wp\/v2\/product"}],"about":[{"href":"https:\/\/emene.com\/fr\/wp-json\/wp\/v2\/types\/product"}],"replies":[{"embeddable":true,"href":"https:\/\/emene.com\/fr\/wp-json\/wp\/v2\/comments?post=55314"}],"wp:featuredmedia":[{"embeddable":true,"href":"https:\/\/emene.com\/fr\/wp-json\/wp\/v2\/media\/2286"}],"wp:attachment":[{"href":"https:\/\/emene.com\/fr\/wp-json\/wp\/v2\/media?parent=55314"}],"wp:term":[{"taxonomy":"product_brand","embeddable":true,"href":"https:\/\/emene.com\/fr\/wp-json\/wp\/v2\/product_brand?post=55314"},{"taxonomy":"product_cat","embeddable":true,"href":"https:\/\/emene.com\/fr\/wp-json\/wp\/v2\/product_cat?post=55314"},{"taxonomy":"product_tag","embeddable":true,"href":"https:\/\/emene.com\/fr\/wp-json\/wp\/v2\/product_tag?post=55314"}],"curies":[{"name":"wp","href":"https:\/\/api.w.org\/{rel}","templated":true}]}}