{"id":55319,"date":"2023-06-12T07:31:42","date_gmt":"2023-06-12T05:31:42","guid":{"rendered":"https:\/\/emene.nueva.avantarea.com\/?post_type=product&#038;p=55319"},"modified":"2026-02-24T15:49:45","modified_gmt":"2026-02-24T14:49:45","slug":"columna-ducha-mezcladora-bash-copia","status":"publish","type":"product","link":"https:\/\/emene.com\/fr\/producto\/columna-ducha-mezcladora-bash-copia\/","title":{"rendered":"COLONNE DE DOUCHE MITIGEUSE BASH"},"content":{"rendered":"<p>COLUMNA DUCHA MEZCLADORA BASH. Robinet fabriqu\u00e9 en laiton avec finition chrom\u00e9e. Pression minimale d&rsquo;utilisation : 0,5 bar. Commande par levier monocommande. D\u00e9bit de 14 l\/minute \u00e0 3 bar et ouverture maximale. Pomme de douche en ABS finition chrom\u00e9e de diam\u00e8tre 200 mm ou 250 mm. Colonne r\u00e9glable en hauteur (t\u00e9lescopique).<\/p>\n","protected":false},"excerpt":{"rendered":"<p>COLUMNA DUCHA MEZCLADORA BASH. Robinet fabriqu\u00e9 en laiton avec finition chrom\u00e9e. Pression minimale d&rsquo;utilisation : 0,5 bar. Commande par levier monocommande. D\u00e9bit de 14 l\/minute \u00e0 3 bar et ouverture&#8230;<\/p>\n","protected":false},"featured_media":2263,"comment_status":"closed","ping_status":"open","template":"","meta":[],"product_brand":[453],"product_cat":[390,26],"product_tag":[],"class_list":{"0":"post-55319","1":"product","2":"type-product","3":"status-publish","4":"has-post-thumbnail","6":"product_brand-grifos","7":"product_cat-meubles-de-salle-de-bain","8":"product_cat-muebles-de-bano","10":"first","11":"instock","12":"purchasable","13":"product-type-simple"},"_links":{"self":[{"href":"https:\/\/emene.com\/fr\/wp-json\/wp\/v2\/product\/55319","targetHints":{"allow":["GET"]}}],"collection":[{"href":"https:\/\/emene.com\/fr\/wp-json\/wp\/v2\/product"}],"about":[{"href":"https:\/\/emene.com\/fr\/wp-json\/wp\/v2\/types\/product"}],"replies":[{"embeddable":true,"href":"https:\/\/emene.com\/fr\/wp-json\/wp\/v2\/comments?post=55319"}],"wp:featuredmedia":[{"embeddable":true,"href":"https:\/\/emene.com\/fr\/wp-json\/wp\/v2\/media\/2263"}],"wp:attachment":[{"href":"https:\/\/emene.com\/fr\/wp-json\/wp\/v2\/media?parent=55319"}],"wp:term":[{"taxonomy":"product_brand","embeddable":true,"href":"https:\/\/emene.com\/fr\/wp-json\/wp\/v2\/product_brand?post=55319"},{"taxonomy":"product_cat","embeddable":true,"href":"https:\/\/emene.com\/fr\/wp-json\/wp\/v2\/product_cat?post=55319"},{"taxonomy":"product_tag","embeddable":true,"href":"https:\/\/emene.com\/fr\/wp-json\/wp\/v2\/product_tag?post=55319"}],"curies":[{"name":"wp","href":"https:\/\/api.w.org\/{rel}","templated":true}]}}