{"id":55352,"date":"2023-06-12T07:27:19","date_gmt":"2023-06-12T05:27:19","guid":{"rendered":"https:\/\/emene.nueva.avantarea.com\/?post_type=product&#038;p=55352"},"modified":"2026-02-24T15:49:56","modified_gmt":"2026-02-24T14:49:56","slug":"espejo-sonia-de-120x80-cm-copia","status":"publish","type":"product","link":"https:\/\/emene.com\/fr\/producto\/espejo-sonia-de-120x80-cm-copia\/","title":{"rendered":"Miroir SONIA 120&#215;80 cm"},"content":{"rendered":"<p>Miroir de salle de bain avec cadre 4 c\u00f4t\u00e9s en thermoplastique blanc de 22 mm. Miroir \u00e0 bords polis. Application d&rsquo;un vernis de s\u00e9curit\u00e9 anti-\u00e9clats. Bandeau LED 9,6W\/m IP65 &#8211; 5500\u00bak. Crochets de fixation et instructions inclus dans l&#8217;emballage. Avec syst\u00e8me anti-bu\u00e9e et capteur de mouvement pour l&rsquo;allumage de la lumi\u00e8re.<\/p>\n","protected":false},"excerpt":{"rendered":"<p>Miroir de salle de bain avec cadre 4 c\u00f4t\u00e9s en thermoplastique blanc de 22 mm. Miroir \u00e0 bords polis. Application d&rsquo;un vernis de s\u00e9curit\u00e9 anti-\u00e9clats. Bandeau LED 9,6W\/m IP65 &#8211;&#8230;<\/p>\n","protected":false},"featured_media":1968,"comment_status":"closed","ping_status":"open","template":"","meta":[],"product_brand":[451],"product_cat":[390,26],"product_tag":[],"class_list":{"0":"post-55352","1":"product","2":"type-product","3":"status-publish","4":"has-post-thumbnail","6":"product_brand-espejos","7":"product_cat-meubles-de-salle-de-bain","8":"product_cat-muebles-de-bano","10":"first","11":"instock","12":"purchasable","13":"product-type-simple"},"_links":{"self":[{"href":"https:\/\/emene.com\/fr\/wp-json\/wp\/v2\/product\/55352","targetHints":{"allow":["GET"]}}],"collection":[{"href":"https:\/\/emene.com\/fr\/wp-json\/wp\/v2\/product"}],"about":[{"href":"https:\/\/emene.com\/fr\/wp-json\/wp\/v2\/types\/product"}],"replies":[{"embeddable":true,"href":"https:\/\/emene.com\/fr\/wp-json\/wp\/v2\/comments?post=55352"}],"wp:featuredmedia":[{"embeddable":true,"href":"https:\/\/emene.com\/fr\/wp-json\/wp\/v2\/media\/1968"}],"wp:attachment":[{"href":"https:\/\/emene.com\/fr\/wp-json\/wp\/v2\/media?parent=55352"}],"wp:term":[{"taxonomy":"product_brand","embeddable":true,"href":"https:\/\/emene.com\/fr\/wp-json\/wp\/v2\/product_brand?post=55352"},{"taxonomy":"product_cat","embeddable":true,"href":"https:\/\/emene.com\/fr\/wp-json\/wp\/v2\/product_cat?post=55352"},{"taxonomy":"product_tag","embeddable":true,"href":"https:\/\/emene.com\/fr\/wp-json\/wp\/v2\/product_tag?post=55352"}],"curies":[{"name":"wp","href":"https:\/\/api.w.org\/{rel}","templated":true}]}}