{"id":55362,"date":"2023-06-12T07:26:44","date_gmt":"2023-06-12T05:26:44","guid":{"rendered":"https:\/\/emene.nueva.avantarea.com\/?post_type=product&#038;p=55362"},"modified":"2026-02-24T15:49:59","modified_gmt":"2026-02-24T14:49:59","slug":"espejo-alessia-60cm-copia","status":"publish","type":"product","link":"https:\/\/emene.com\/fr\/producto\/espejo-alessia-60cm-copia\/","title":{"rendered":"Miroir ALESSIA 60cm"},"content":{"rendered":"<p>Miroir de salle de bain 60cm de diam\u00e8tre avec \u00e9clairage LED. 14,4W, 1440 lumens, 12V, IP44. Lumi\u00e8re blanche.<\/p>\n","protected":false},"excerpt":{"rendered":"<p>Miroir de salle de bain 60cm de diam\u00e8tre avec \u00e9clairage LED. 14,4W, 1440 lumens, 12V, IP44. Lumi\u00e8re blanche.<\/p>\n","protected":false},"featured_media":1910,"comment_status":"closed","ping_status":"open","template":"","meta":[],"product_brand":[451],"product_cat":[390,26],"product_tag":[],"class_list":{"0":"post-55362","1":"product","2":"type-product","3":"status-publish","4":"has-post-thumbnail","6":"product_brand-espejos","7":"product_cat-meubles-de-salle-de-bain","8":"product_cat-muebles-de-bano","10":"first","11":"instock","12":"purchasable","13":"product-type-simple"},"_links":{"self":[{"href":"https:\/\/emene.com\/fr\/wp-json\/wp\/v2\/product\/55362","targetHints":{"allow":["GET"]}}],"collection":[{"href":"https:\/\/emene.com\/fr\/wp-json\/wp\/v2\/product"}],"about":[{"href":"https:\/\/emene.com\/fr\/wp-json\/wp\/v2\/types\/product"}],"replies":[{"embeddable":true,"href":"https:\/\/emene.com\/fr\/wp-json\/wp\/v2\/comments?post=55362"}],"wp:featuredmedia":[{"embeddable":true,"href":"https:\/\/emene.com\/fr\/wp-json\/wp\/v2\/media\/1910"}],"wp:attachment":[{"href":"https:\/\/emene.com\/fr\/wp-json\/wp\/v2\/media?parent=55362"}],"wp:term":[{"taxonomy":"product_brand","embeddable":true,"href":"https:\/\/emene.com\/fr\/wp-json\/wp\/v2\/product_brand?post=55362"},{"taxonomy":"product_cat","embeddable":true,"href":"https:\/\/emene.com\/fr\/wp-json\/wp\/v2\/product_cat?post=55362"},{"taxonomy":"product_tag","embeddable":true,"href":"https:\/\/emene.com\/fr\/wp-json\/wp\/v2\/product_tag?post=55362"}],"curies":[{"name":"wp","href":"https:\/\/api.w.org\/{rel}","templated":true}]}}