{"id":55386,"date":"2023-06-12T07:20:51","date_gmt":"2023-06-12T05:20:51","guid":{"rendered":"https:\/\/emene.nueva.avantarea.com\/?post_type=product&#038;p=55386"},"modified":"2026-03-11T12:03:11","modified_gmt":"2026-03-11T11:03:11","slug":"pack-dor-doble-lavabo-sobreencimera-espejo-led-copia","status":"publish","type":"product","link":"https:\/\/emene.com\/fr\/producto\/pack-dor-doble-lavabo-sobreencimera-espejo-led-copia\/","title":{"rendered":"Pack D&rsquo;OR + double lavabo sur plan + miroir LED"},"content":{"rendered":"<p>Ensemble de salle de bain compos\u00e9 d&rsquo;un meuble de salle de bain, d&rsquo;une vasque et d&rsquo;un miroir avec \u00e9clairage LED. Meuble sous-vasque suspendu fabriqu\u00e9 en panneau de particules m\u00e9lamin\u00e9 de 19 mm, compos\u00e9 d&rsquo;un tiroir avec fermeture douce et poign\u00e9e dor\u00e9e. Comprend un double lavabo sur plan de travail en finition dor\u00e9e. Comprend un miroir avec \u00e9clairage LED, IP65, 8,4W, 910lm et une temp\u00e9rature de lumi\u00e8re de 6000K. Les meubles sont livr\u00e9s assembl\u00e9s, pr\u00eats \u00e0 \u00eatre accroch\u00e9s au mur. Un kit de montage du meuble est inclus. Robinet et siphon non inclus. Fabriqu\u00e9 en Espagne.<\/p>\n","protected":false},"excerpt":{"rendered":"<p>Ensemble de salle de bain compos\u00e9 d&rsquo;un meuble de salle de bain, d&rsquo;une vasque et d&rsquo;un miroir avec \u00e9clairage LED. Meuble sous-vasque suspendu fabriqu\u00e9 en panneau de particules m\u00e9lamin\u00e9 de&#8230;<\/p>\n","protected":false},"featured_media":1551,"comment_status":"closed","ping_status":"closed","template":"","meta":[],"product_brand":[444],"product_cat":[390],"product_tag":[],"class_list":{"0":"post-55386","1":"product","2":"type-product","3":"status-publish","4":"has-post-thumbnail","6":"product_brand-dor","7":"product_cat-meubles-de-salle-de-bain","8":"pa_color-noir-2","9":"pa_color-noyer-2","10":"pa_color-bardolino","11":"pa_color-blanco","12":"pa_color-azabache","13":"pa_tamano-132","15":"first","16":"instock","17":"purchasable","18":"product-type-variable"},"_links":{"self":[{"href":"https:\/\/emene.com\/fr\/wp-json\/wp\/v2\/product\/55386","targetHints":{"allow":["GET"]}}],"collection":[{"href":"https:\/\/emene.com\/fr\/wp-json\/wp\/v2\/product"}],"about":[{"href":"https:\/\/emene.com\/fr\/wp-json\/wp\/v2\/types\/product"}],"replies":[{"embeddable":true,"href":"https:\/\/emene.com\/fr\/wp-json\/wp\/v2\/comments?post=55386"}],"wp:featuredmedia":[{"embeddable":true,"href":"https:\/\/emene.com\/fr\/wp-json\/wp\/v2\/media\/1551"}],"wp:attachment":[{"href":"https:\/\/emene.com\/fr\/wp-json\/wp\/v2\/media?parent=55386"}],"wp:term":[{"taxonomy":"product_brand","embeddable":true,"href":"https:\/\/emene.com\/fr\/wp-json\/wp\/v2\/product_brand?post=55386"},{"taxonomy":"product_cat","embeddable":true,"href":"https:\/\/emene.com\/fr\/wp-json\/wp\/v2\/product_cat?post=55386"},{"taxonomy":"product_tag","embeddable":true,"href":"https:\/\/emene.com\/fr\/wp-json\/wp\/v2\/product_tag?post=55386"}],"curies":[{"name":"wp","href":"https:\/\/api.w.org\/{rel}","templated":true}]}}