{"id":55412,"date":"2023-06-12T07:19:00","date_gmt":"2023-06-12T05:19:00","guid":{"rendered":"https:\/\/emene.nueva.avantarea.com\/?post_type=product&#038;p=55412"},"modified":"2026-03-11T11:42:47","modified_gmt":"2026-03-11T10:42:47","slug":"pack-lavabo-cube-espejo-led-copia","status":"publish","type":"product","link":"https:\/\/emene.com\/fr\/producto\/pack-lavabo-cube-espejo-led-copia\/","title":{"rendered":"CUBE lavabo + pack miroir LED"},"content":{"rendered":"<p>Ensemble de salle de bains compos\u00e9 d&rsquo;une vasque suspendue Xtone de Porcelanosa et d&rsquo;un miroir avec \u00e9clairage LED. Vasque suspendue en Xtone de Porcelanosa, un min\u00e9ral compact fritt\u00e9 \u00e0 partir de la s\u00e9lection des mati\u00e8res premi\u00e8res les plus pures pour obtenir une surface tr\u00e8s performante. Comprend un miroir avec \u00e9clairage LED, IP65, 10,8 W, 1170 lm et temp\u00e9rature de lumi\u00e8re 6000K. Un kit de montage du meuble est inclus. Robinet et siphon non inclus. Fabriqu\u00e9 en Espagne.<\/p>\n","protected":false},"excerpt":{"rendered":"<p>Ensemble de salle de bains compos\u00e9 d&rsquo;une vasque suspendue Xtone de Porcelanosa et d&rsquo;un miroir avec \u00e9clairage LED. Vasque suspendue en Xtone de Porcelanosa, un min\u00e9ral compact fritt\u00e9 \u00e0 partir&#8230;<\/p>\n","protected":false},"featured_media":1429,"comment_status":"closed","ping_status":"closed","template":"","meta":[],"product_brand":[443],"product_cat":[390],"product_tag":[],"class_list":{"0":"post-55412","1":"product","2":"type-product","3":"status-publish","4":"has-post-thumbnail","6":"product_brand-cube","7":"product_cat-meubles-de-salle-de-bain","8":"pa_color-calacatta-gold","9":"pa_color-liem-black","10":"pa_color-viola-rosse","11":"pa_tamano-50-00","13":"first","14":"instock","15":"purchasable","16":"product-type-variable"},"_links":{"self":[{"href":"https:\/\/emene.com\/fr\/wp-json\/wp\/v2\/product\/55412","targetHints":{"allow":["GET"]}}],"collection":[{"href":"https:\/\/emene.com\/fr\/wp-json\/wp\/v2\/product"}],"about":[{"href":"https:\/\/emene.com\/fr\/wp-json\/wp\/v2\/types\/product"}],"replies":[{"embeddable":true,"href":"https:\/\/emene.com\/fr\/wp-json\/wp\/v2\/comments?post=55412"}],"wp:featuredmedia":[{"embeddable":true,"href":"https:\/\/emene.com\/fr\/wp-json\/wp\/v2\/media\/1429"}],"wp:attachment":[{"href":"https:\/\/emene.com\/fr\/wp-json\/wp\/v2\/media?parent=55412"}],"wp:term":[{"taxonomy":"product_brand","embeddable":true,"href":"https:\/\/emene.com\/fr\/wp-json\/wp\/v2\/product_brand?post=55412"},{"taxonomy":"product_cat","embeddable":true,"href":"https:\/\/emene.com\/fr\/wp-json\/wp\/v2\/product_cat?post=55412"},{"taxonomy":"product_tag","embeddable":true,"href":"https:\/\/emene.com\/fr\/wp-json\/wp\/v2\/product_tag?post=55412"}],"curies":[{"name":"wp","href":"https:\/\/api.w.org\/{rel}","templated":true}]}}