{"id":55442,"date":"2023-06-12T07:17:23","date_gmt":"2023-06-12T05:17:23","guid":{"rendered":"https:\/\/emene.nueva.avantarea.com\/?post_type=product&#038;p=55442"},"modified":"2026-02-24T15:50:36","modified_gmt":"2026-02-24T14:50:36","slug":"pack-coupe-doble-lavabo-espejo-capsula-copia","status":"publish","type":"product","link":"https:\/\/emene.com\/fr\/producto\/pack-coupe-doble-lavabo-espejo-capsula-copia\/","title":{"rendered":"Pack COUP\u00c9 double + vasque + miroir capsule"},"content":{"rendered":"<p>Pack comprenant un meuble de salle de bain, un lavabo et un miroir design capsule. Meuble sous-vasque suspendu compos\u00e9 de deux modules tiroirs et de deux modules d&rsquo;espace d\u00e9coratif avec angle. Fabriqu\u00e9 en panneau de particules de 19 mm avec rev\u00eatement m\u00e9lamin\u00e9 et des caract\u00e9ristiques de surface optimales, \u00e9cologique et recyclable. Fixations murales avec syst\u00e8me anti-d\u00e9crochage. Tiroir m\u00e9tallique \u00e0 double paroi \u00e0 l&rsquo;esth\u00e9tique minimaliste, avec des c\u00f4t\u00e9s fins et des lignes droites, fermeture amortie, capacit\u00e9 de charge de 25 kg, accessibilit\u00e9 totale et espace arri\u00e8re disponible. Comprend une vasque \u00e0 poser en c\u00e9ramique. Comprend un miroir design capsule. Le meuble est livr\u00e9 mont\u00e9, pr\u00eat \u00e0 \u00eatre fix\u00e9 au mur. Un kit de fixation pour le meuble est inclus. Robinet et siphon non inclus. Fabriqu\u00e9 en Espagne.<\/p>\n","protected":false},"excerpt":{"rendered":"<p>Pack comprenant un meuble de salle de bain, un lavabo et un miroir design capsule. Meuble sous-vasque suspendu compos\u00e9 de deux modules tiroirs et de deux modules d&rsquo;espace d\u00e9coratif avec&#8230;<\/p>\n","protected":false},"featured_media":1309,"comment_status":"closed","ping_status":"closed","template":"","meta":[],"product_brand":[440],"product_cat":[390],"product_tag":[],"class_list":{"0":"post-55442","1":"product","2":"type-product","3":"status-publish","4":"has-post-thumbnail","6":"product_brand-coupe","7":"product_cat-meubles-de-salle-de-bain","8":"pa_color-noyer-2","9":"pa_color-bardolino","10":"pa_color-blanco","11":"pa_color-azabache","12":"pa_tamano-131","13":"pa_tamano-132","15":"first","16":"instock","17":"purchasable","18":"product-type-variable"},"_links":{"self":[{"href":"https:\/\/emene.com\/fr\/wp-json\/wp\/v2\/product\/55442","targetHints":{"allow":["GET"]}}],"collection":[{"href":"https:\/\/emene.com\/fr\/wp-json\/wp\/v2\/product"}],"about":[{"href":"https:\/\/emene.com\/fr\/wp-json\/wp\/v2\/types\/product"}],"replies":[{"embeddable":true,"href":"https:\/\/emene.com\/fr\/wp-json\/wp\/v2\/comments?post=55442"}],"wp:featuredmedia":[{"embeddable":true,"href":"https:\/\/emene.com\/fr\/wp-json\/wp\/v2\/media\/1309"}],"wp:attachment":[{"href":"https:\/\/emene.com\/fr\/wp-json\/wp\/v2\/media?parent=55442"}],"wp:term":[{"taxonomy":"product_brand","embeddable":true,"href":"https:\/\/emene.com\/fr\/wp-json\/wp\/v2\/product_brand?post=55442"},{"taxonomy":"product_cat","embeddable":true,"href":"https:\/\/emene.com\/fr\/wp-json\/wp\/v2\/product_cat?post=55442"},{"taxonomy":"product_tag","embeddable":true,"href":"https:\/\/emene.com\/fr\/wp-json\/wp\/v2\/product_tag?post=55442"}],"curies":[{"name":"wp","href":"https:\/\/api.w.org\/{rel}","templated":true}]}}