{"id":55463,"date":"2023-06-12T07:14:39","date_gmt":"2023-06-12T05:14:39","guid":{"rendered":"https:\/\/emene.nueva.avantarea.com\/?post_type=product&#038;p=55463"},"modified":"2026-02-24T15:50:45","modified_gmt":"2026-02-24T14:50:45","slug":"complemento-deco-de-madera-copia","status":"publish","type":"product","link":"https:\/\/emene.com\/fr\/producto\/complemento-deco-de-madera-copia\/","title":{"rendered":"Compl\u00e9ment D\u00e9co en bois"},"content":{"rendered":"<p>Module auxiliaire d\u00e9coratif de salle de bain, parfait pour augmenter l&rsquo;espace de rangement, combinable avec tous nos meubles sous-vasque. Meuble suspendu avec une \u00e9tag\u00e8re int\u00e9rieure. Fabriqu\u00e9 en mat\u00e9riau stratifi\u00e9 de 19 mm. Fixations murales avec r\u00e9glage sur 3 axes et avec une capacit\u00e9 de charge de 65Kg par fixation selon DIN-68840 certifi\u00e9 par LGA. Chants en PVC de 1 mm. Fabriqu\u00e9 en Espagne.<\/p>\n","protected":false},"excerpt":{"rendered":"<p>Module auxiliaire d\u00e9coratif de salle de bain, parfait pour augmenter l&rsquo;espace de rangement, combinable avec tous nos meubles sous-vasque. Meuble suspendu avec une \u00e9tag\u00e8re int\u00e9rieure. Fabriqu\u00e9 en mat\u00e9riau stratifi\u00e9 de&#8230;<\/p>\n","protected":false},"featured_media":1201,"comment_status":"closed","ping_status":"open","template":"","meta":[],"product_brand":[424],"product_cat":[390],"product_tag":[],"class_list":{"0":"post-55463","1":"product","2":"type-product","3":"status-publish","4":"has-post-thumbnail","6":"product_brand-accesorios","7":"product_cat-meubles-de-salle-de-bain","8":"pa_color-bardolino-alcatraz","9":"pa_color-blanc-alcatraz","10":"pa_color-fresno","11":"pa_color-liem-black-roble-azabache","12":"pa_color-noir-2","13":"pa_color-noyer-2","14":"pa_color-ombre-kubric-2","15":"pa_color-bardolino","16":"pa_tamano-138","17":"pa_tamano-240-00","18":"pa_tamano-70-00","20":"first","21":"instock","22":"purchasable","23":"product-type-variable"},"_links":{"self":[{"href":"https:\/\/emene.com\/fr\/wp-json\/wp\/v2\/product\/55463","targetHints":{"allow":["GET"]}}],"collection":[{"href":"https:\/\/emene.com\/fr\/wp-json\/wp\/v2\/product"}],"about":[{"href":"https:\/\/emene.com\/fr\/wp-json\/wp\/v2\/types\/product"}],"replies":[{"embeddable":true,"href":"https:\/\/emene.com\/fr\/wp-json\/wp\/v2\/comments?post=55463"}],"wp:featuredmedia":[{"embeddable":true,"href":"https:\/\/emene.com\/fr\/wp-json\/wp\/v2\/media\/1201"}],"wp:attachment":[{"href":"https:\/\/emene.com\/fr\/wp-json\/wp\/v2\/media?parent=55463"}],"wp:term":[{"taxonomy":"product_brand","embeddable":true,"href":"https:\/\/emene.com\/fr\/wp-json\/wp\/v2\/product_brand?post=55463"},{"taxonomy":"product_cat","embeddable":true,"href":"https:\/\/emene.com\/fr\/wp-json\/wp\/v2\/product_cat?post=55463"},{"taxonomy":"product_tag","embeddable":true,"href":"https:\/\/emene.com\/fr\/wp-json\/wp\/v2\/product_tag?post=55463"}],"curies":[{"name":"wp","href":"https:\/\/api.w.org\/{rel}","templated":true}]}}