{"id":55480,"date":"2023-06-12T07:14:24","date_gmt":"2023-06-12T05:14:24","guid":{"rendered":"https:\/\/emene.nueva.avantarea.com\/?post_type=product&#038;p=55480"},"modified":"2026-02-24T15:50:54","modified_gmt":"2026-02-24T14:50:54","slug":"complemento-de-madera-copia","status":"publish","type":"product","link":"https:\/\/emene.com\/fr\/producto\/complemento-de-madera-copia\/","title":{"rendered":"Accessoire en bois"},"content":{"rendered":"<p>Module auxiliaire de salle de bain, parfait pour augmenter l&rsquo;espace de rangement, combinable avec tous nos meubles de lavabo. Meuble suspendu une porte avec une \u00e9tag\u00e8re int\u00e9rieure. Fabriqu\u00e9 en mat\u00e9riau stratifi\u00e9 de 19 mm. Charni\u00e8res avec fermeture softclosing test\u00e9es \u00e0 40 000 cycles r\u00e9glables sur les trois axes. Fixations murales avec r\u00e9glage sur 3 axes et avec une capacit\u00e9 de charge de 65 kg par fixation selon DIN-68840 certifi\u00e9 par LGA. Chants en PVC de 1 mm. Fabriqu\u00e9 en Espagne.<\/p>\n","protected":false},"excerpt":{"rendered":"<p>Module auxiliaire de salle de bain, parfait pour augmenter l&rsquo;espace de rangement, combinable avec tous nos meubles de lavabo. Meuble suspendu une porte avec une \u00e9tag\u00e8re int\u00e9rieure. Fabriqu\u00e9 en mat\u00e9riau&#8230;<\/p>\n","protected":false},"featured_media":1152,"comment_status":"closed","ping_status":"open","template":"","meta":[],"product_brand":[424],"product_cat":[390],"product_tag":[],"class_list":{"0":"post-55480","1":"product","2":"type-product","3":"status-publish","4":"has-post-thumbnail","6":"product_brand-accesorios","7":"product_cat-meubles-de-salle-de-bain","8":"pa_color-bardolino-alcatraz","9":"pa_color-blanc-alcatraz","10":"pa_color-fresno","11":"pa_color-liem-black-roble-azabache","12":"pa_color-noyer-2","13":"pa_color-ombre-kubric-2","14":"pa_color-vert-argile-2","15":"pa_color-bardolino","16":"pa_color-azabache","17":"pa_tamano-138","18":"pa_tamano-240-00","19":"pa_tamano-70-00","21":"first","22":"instock","23":"purchasable","24":"product-type-variable"},"_links":{"self":[{"href":"https:\/\/emene.com\/fr\/wp-json\/wp\/v2\/product\/55480","targetHints":{"allow":["GET"]}}],"collection":[{"href":"https:\/\/emene.com\/fr\/wp-json\/wp\/v2\/product"}],"about":[{"href":"https:\/\/emene.com\/fr\/wp-json\/wp\/v2\/types\/product"}],"replies":[{"embeddable":true,"href":"https:\/\/emene.com\/fr\/wp-json\/wp\/v2\/comments?post=55480"}],"wp:featuredmedia":[{"embeddable":true,"href":"https:\/\/emene.com\/fr\/wp-json\/wp\/v2\/media\/1152"}],"wp:attachment":[{"href":"https:\/\/emene.com\/fr\/wp-json\/wp\/v2\/media?parent=55480"}],"wp:term":[{"taxonomy":"product_brand","embeddable":true,"href":"https:\/\/emene.com\/fr\/wp-json\/wp\/v2\/product_brand?post=55480"},{"taxonomy":"product_cat","embeddable":true,"href":"https:\/\/emene.com\/fr\/wp-json\/wp\/v2\/product_cat?post=55480"},{"taxonomy":"product_tag","embeddable":true,"href":"https:\/\/emene.com\/fr\/wp-json\/wp\/v2\/product_tag?post=55480"}],"curies":[{"name":"wp","href":"https:\/\/api.w.org\/{rel}","templated":true}]}}