{"id":55529,"date":"2023-06-12T07:12:11","date_gmt":"2023-06-12T05:12:11","guid":{"rendered":"https:\/\/emene.nueva.avantarea.com\/?post_type=product&#038;p=55529"},"modified":"2026-02-24T15:51:14","modified_gmt":"2026-02-24T14:51:14","slug":"pack-cascade-paonazzo-biondo-lavabo-porcelanico-suspendido-espejo-led-copia","status":"publish","type":"product","link":"https:\/\/emene.com\/fr\/producto\/pack-cascade-paonazzo-biondo-lavabo-porcelanico-suspendido-espejo-led-copia\/","title":{"rendered":"Pack CASCADE Paonazzo blond + lavabo en porcelaine suspendu + miroir LED"},"content":{"rendered":"<p>Pack de meuble de salle de bain suspendu, lavabo et miroir avec \u00e9clairage LED. Plan de toilette et fa\u00e7ade fabriqu\u00e9s en mat\u00e9riau Xtone de Porcelanosa, un min\u00e9ral compact fritt\u00e9 \u00e0 partir d&rsquo;une s\u00e9lection de mati\u00e8res premi\u00e8res de la plus haute puret\u00e9, permettant d&rsquo;obtenir une surface aux performances \u00e9lev\u00e9es. Meuble de salle de bain suspendu fabriqu\u00e9 en panneau de particules m\u00e9lamin\u00e9 finition bois de 19 mm avec micro-relief, dot\u00e9 d&rsquo;un tiroir \u00e0 extraction totale et fermeture douce, avec fa\u00e7ade d\u00e9corative en mat\u00e9riau c\u00e9ramique. Comprend un lavabo \u00e0 poser en c\u00e9ramique. Comprend un miroir avec \u00e9clairage LED, IP65, 10,8 W, 1170lm et temp\u00e9rature de lumi\u00e8re 6000K. Le meuble est livr\u00e9 mont\u00e9, pr\u00eat \u00e0 \u00eatre fix\u00e9 au mur. Un kit de fixation pour le meuble est inclus. Robinet et siphon non inclus. Fabriqu\u00e9 en Espagne.<\/p>\n","protected":false},"excerpt":{"rendered":"<p>Pack de meuble de salle de bain suspendu, lavabo et miroir avec \u00e9clairage LED. Plan de toilette et fa\u00e7ade fabriqu\u00e9s en mat\u00e9riau Xtone de Porcelanosa, un min\u00e9ral compact fritt\u00e9 \u00e0&#8230;<\/p>\n","protected":false},"featured_media":1015,"comment_status":"closed","ping_status":"open","template":"","meta":[],"product_brand":[436],"product_cat":[390],"product_tag":[],"class_list":{"0":"post-55529","1":"product","2":"type-product","3":"status-publish","4":"has-post-thumbnail","6":"product_brand-cascade","7":"product_cat-meubles-de-salle-de-bain","8":"pa_color-noyer-2","9":"pa_color-blanco","10":"pa_medidas-563","11":"pa_tamano-131","12":"pa_tamano-132","13":"pa_tamano-130","15":"first","16":"instock","17":"purchasable","18":"product-type-variable"},"_links":{"self":[{"href":"https:\/\/emene.com\/fr\/wp-json\/wp\/v2\/product\/55529","targetHints":{"allow":["GET"]}}],"collection":[{"href":"https:\/\/emene.com\/fr\/wp-json\/wp\/v2\/product"}],"about":[{"href":"https:\/\/emene.com\/fr\/wp-json\/wp\/v2\/types\/product"}],"replies":[{"embeddable":true,"href":"https:\/\/emene.com\/fr\/wp-json\/wp\/v2\/comments?post=55529"}],"wp:featuredmedia":[{"embeddable":true,"href":"https:\/\/emene.com\/fr\/wp-json\/wp\/v2\/media\/1015"}],"wp:attachment":[{"href":"https:\/\/emene.com\/fr\/wp-json\/wp\/v2\/media?parent=55529"}],"wp:term":[{"taxonomy":"product_brand","embeddable":true,"href":"https:\/\/emene.com\/fr\/wp-json\/wp\/v2\/product_brand?post=55529"},{"taxonomy":"product_cat","embeddable":true,"href":"https:\/\/emene.com\/fr\/wp-json\/wp\/v2\/product_cat?post=55529"},{"taxonomy":"product_tag","embeddable":true,"href":"https:\/\/emene.com\/fr\/wp-json\/wp\/v2\/product_tag?post=55529"}],"curies":[{"name":"wp","href":"https:\/\/api.w.org\/{rel}","templated":true}]}}