{"id":55556,"date":"2023-06-12T07:12:11","date_gmt":"2023-06-12T05:12:11","guid":{"rendered":"https:\/\/emene.nueva.avantarea.com\/?post_type=product&#038;p=55556"},"modified":"2026-02-24T15:51:25","modified_gmt":"2026-02-24T14:51:25","slug":"pack-cascade-calacatta-lavabo-porcelanico-suspendido-espejo-led-copia","status":"publish","type":"product","link":"https:\/\/emene.com\/fr\/producto\/pack-cascade-calacatta-lavabo-porcelanico-suspendido-espejo-led-copia\/","title":{"rendered":"Pack CASCADE Calacatta + lavabo suspendu en porcelaine + miroir LED"},"content":{"rendered":"<p>Ensemble meuble de salle de bain suspendu, vasque et miroir avec \u00e9clairage LED. Plan de travail et fa\u00e7ade fabriqu\u00e9s en mat\u00e9riau Xtone de Porcelanosa, un mat\u00e9riau min\u00e9ral compact fritt\u00e9 issu d&rsquo;une s\u00e9lection de mati\u00e8res premi\u00e8res de la plus haute puret\u00e9, permettant d&rsquo;obtenir une surface aux performances \u00e9lev\u00e9es. Le meuble de salle de bain suspendu est fabriqu\u00e9 en panneau de particules finition bois stratifi\u00e9 de 19 mm avec micro-relief, dot\u00e9 d&rsquo;un tiroir \u00e0 extraction totale et fermeture douce, avec fa\u00e7ade d\u00e9corative en mat\u00e9riau c\u00e9ramique. Comprend une vasque \u00e0 poser en c\u00e9ramique. Comprend un miroir avec \u00e9clairage LED, IP65, 10,8 W, 1170lm et une temp\u00e9rature de lumi\u00e8re de 6000K. Le meuble est livr\u00e9 mont\u00e9, pr\u00eat \u00e0 \u00eatre fix\u00e9 au mur. Un kit de fixation pour le meuble est inclus. Robinet et siphon non inclus. Fabriqu\u00e9 en Espagne.<\/p>\n","protected":false},"excerpt":{"rendered":"<p>Ensemble meuble de salle de bain suspendu, vasque et miroir avec \u00e9clairage LED. Plan de travail et fa\u00e7ade fabriqu\u00e9s en mat\u00e9riau Xtone de Porcelanosa, un mat\u00e9riau min\u00e9ral compact fritt\u00e9 issu&#8230;<\/p>\n","protected":false},"featured_media":963,"comment_status":"closed","ping_status":"open","template":"","meta":[],"product_brand":[436],"product_cat":[390],"product_tag":[],"class_list":{"0":"post-55556","1":"product","2":"type-product","3":"status-publish","4":"has-post-thumbnail","6":"product_brand-cascade","7":"product_cat-meubles-de-salle-de-bain","8":"pa_color-ombre-kubric-2","9":"pa_color-bardolino","10":"pa_color-blanco","11":"pa_tamano-131","12":"pa_tamano-132","13":"pa_tamano-130","15":"first","16":"instock","17":"purchasable","18":"product-type-variable"},"_links":{"self":[{"href":"https:\/\/emene.com\/fr\/wp-json\/wp\/v2\/product\/55556","targetHints":{"allow":["GET"]}}],"collection":[{"href":"https:\/\/emene.com\/fr\/wp-json\/wp\/v2\/product"}],"about":[{"href":"https:\/\/emene.com\/fr\/wp-json\/wp\/v2\/types\/product"}],"replies":[{"embeddable":true,"href":"https:\/\/emene.com\/fr\/wp-json\/wp\/v2\/comments?post=55556"}],"wp:featuredmedia":[{"embeddable":true,"href":"https:\/\/emene.com\/fr\/wp-json\/wp\/v2\/media\/963"}],"wp:attachment":[{"href":"https:\/\/emene.com\/fr\/wp-json\/wp\/v2\/media?parent=55556"}],"wp:term":[{"taxonomy":"product_brand","embeddable":true,"href":"https:\/\/emene.com\/fr\/wp-json\/wp\/v2\/product_brand?post=55556"},{"taxonomy":"product_cat","embeddable":true,"href":"https:\/\/emene.com\/fr\/wp-json\/wp\/v2\/product_cat?post=55556"},{"taxonomy":"product_tag","embeddable":true,"href":"https:\/\/emene.com\/fr\/wp-json\/wp\/v2\/product_tag?post=55556"}],"curies":[{"name":"wp","href":"https:\/\/api.w.org\/{rel}","templated":true}]}}