{"id":55562,"date":"2023-06-12T07:11:41","date_gmt":"2023-06-12T05:11:41","guid":{"rendered":"https:\/\/emene.nueva.avantarea.com\/?post_type=product&#038;p=55562"},"modified":"2026-03-11T10:49:17","modified_gmt":"2026-03-11T09:49:17","slug":"pack-carre-lavabo-espejo-led-copia","status":"publish","type":"product","link":"https:\/\/emene.com\/fr\/producto\/pack-carre-lavabo-espejo-led-copia\/","title":{"rendered":"Pack CARR\u00c9 + lavabo + miroir LED"},"content":{"rendered":"<p>Pack compos\u00e9 d&rsquo;un meuble de salle de bain, d&rsquo;un lavabo et d&rsquo;un miroir. Meuble de salle de bains en panneau de particules stratifi\u00e9 de 19 mm avec un tiroir de grande capacit\u00e9, enti\u00e8rement extractible et \u00e0 fermeture progressive, et des espaces d\u00e9coratifs. Lavabo en c\u00e9ramique blanche. Miroir avec \u00e9clairage LED int\u00e9gr\u00e9 comprenant IP65, 6000\u00baK, 10,8W, 1170 lumens. Fabriqu\u00e9 en Espagne. Le robinet n&rsquo;est pas inclus.<\/p>\n","protected":false},"excerpt":{"rendered":"<p>Pack compos\u00e9 d&rsquo;un meuble de salle de bain, d&rsquo;un lavabo et d&rsquo;un miroir. Meuble de salle de bains en panneau de particules stratifi\u00e9 de 19 mm avec un tiroir de&#8230;<\/p>\n","protected":false},"featured_media":936,"comment_status":"closed","ping_status":"closed","template":"","meta":[],"product_brand":[435],"product_cat":[390],"product_tag":[],"class_list":{"0":"post-55562","1":"product","2":"type-product","3":"status-publish","4":"has-post-thumbnail","6":"product_brand-carre","7":"product_cat-meubles-de-salle-de-bain","8":"pa_color-noyer-2","9":"pa_color-ombre-jotts-2","10":"pa_color-ombre-kubric-2","11":"pa_color-vert-argile-2","12":"pa_color-bardolino","13":"pa_color-azabache","14":"pa_tamano-571","15":"pa_tamano-252","16":"pa_tamano-130","18":"first","19":"instock","20":"purchasable","21":"product-type-variable"},"_links":{"self":[{"href":"https:\/\/emene.com\/fr\/wp-json\/wp\/v2\/product\/55562","targetHints":{"allow":["GET"]}}],"collection":[{"href":"https:\/\/emene.com\/fr\/wp-json\/wp\/v2\/product"}],"about":[{"href":"https:\/\/emene.com\/fr\/wp-json\/wp\/v2\/types\/product"}],"replies":[{"embeddable":true,"href":"https:\/\/emene.com\/fr\/wp-json\/wp\/v2\/comments?post=55562"}],"wp:featuredmedia":[{"embeddable":true,"href":"https:\/\/emene.com\/fr\/wp-json\/wp\/v2\/media\/936"}],"wp:attachment":[{"href":"https:\/\/emene.com\/fr\/wp-json\/wp\/v2\/media?parent=55562"}],"wp:term":[{"taxonomy":"product_brand","embeddable":true,"href":"https:\/\/emene.com\/fr\/wp-json\/wp\/v2\/product_brand?post=55562"},{"taxonomy":"product_cat","embeddable":true,"href":"https:\/\/emene.com\/fr\/wp-json\/wp\/v2\/product_cat?post=55562"},{"taxonomy":"product_tag","embeddable":true,"href":"https:\/\/emene.com\/fr\/wp-json\/wp\/v2\/product_tag?post=55562"}],"curies":[{"name":"wp","href":"https:\/\/api.w.org\/{rel}","templated":true}]}}