{"id":55572,"date":"2023-06-12T07:11:23","date_gmt":"2023-06-12T05:11:23","guid":{"rendered":"https:\/\/emene.nueva.avantarea.com\/?post_type=product&#038;p=55572"},"modified":"2026-03-11T10:44:56","modified_gmt":"2026-03-11T09:44:56","slug":"pack-mueble-de-bano-2-cajones-cadre-blanco-mate-lavabo-espejo-aplique-led-copia","status":"publish","type":"product","link":"https:\/\/emene.com\/fr\/producto\/pack-mueble-de-bano-2-cajones-cadre-blanco-mate-lavabo-espejo-aplique-led-copia\/","title":{"rendered":"Meuble de salle de bain pack 2 tiroirs Cadre mat blanc + lavabo + miroir + applique LED"},"content":{"rendered":"<p>Pack salle de bains compos\u00e9 d&rsquo;un meuble de salle de bains, d&rsquo;un lavabo, d&rsquo;un miroir et d&rsquo;une applique murale avec \u00e9clairage LED. Meuble lavabo mural en panneau de particules stratifi\u00e9 de 19 mm, compos\u00e9 de deux tiroirs \u00e0 fermeture progressive et \u00e0 sortie totale. Fa\u00e7ade avec encadrement d\u00e9coratif. Comprend un lavabo en c\u00e9ramique blanc brillant. Comprend un miroir et une applique LED, IP44, 12W et temp\u00e9rature de lumi\u00e8re 6000K. Les meubles sont livr\u00e9s assembl\u00e9s, pr\u00eats \u00e0 \u00eatre accroch\u00e9s au mur. Un kit de montage du meuble est inclus. Robinet et siphon non inclus. Fabriqu\u00e9 en Espagne.<\/p>\n","protected":false},"excerpt":{"rendered":"<p>Pack salle de bains compos\u00e9 d&rsquo;un meuble de salle de bains, d&rsquo;un lavabo, d&rsquo;un miroir et d&rsquo;une applique murale avec \u00e9clairage LED. Meuble lavabo mural en panneau de particules stratifi\u00e9&#8230;<\/p>\n","protected":false},"featured_media":926,"comment_status":"closed","ping_status":"closed","template":"","meta":[],"product_brand":[434],"product_cat":[390],"product_tag":[],"class_list":{"0":"post-55572","1":"product","2":"type-product","3":"status-publish","4":"has-post-thumbnail","6":"product_brand-cadre","7":"product_cat-meubles-de-salle-de-bain","8":"pa_color-blanco","9":"pa_tamano-571","10":"pa_tamano-131","11":"pa_tamano-130","13":"first","14":"instock","15":"purchasable","16":"product-type-variable"},"_links":{"self":[{"href":"https:\/\/emene.com\/fr\/wp-json\/wp\/v2\/product\/55572","targetHints":{"allow":["GET"]}}],"collection":[{"href":"https:\/\/emene.com\/fr\/wp-json\/wp\/v2\/product"}],"about":[{"href":"https:\/\/emene.com\/fr\/wp-json\/wp\/v2\/types\/product"}],"replies":[{"embeddable":true,"href":"https:\/\/emene.com\/fr\/wp-json\/wp\/v2\/comments?post=55572"}],"wp:featuredmedia":[{"embeddable":true,"href":"https:\/\/emene.com\/fr\/wp-json\/wp\/v2\/media\/926"}],"wp:attachment":[{"href":"https:\/\/emene.com\/fr\/wp-json\/wp\/v2\/media?parent=55572"}],"wp:term":[{"taxonomy":"product_brand","embeddable":true,"href":"https:\/\/emene.com\/fr\/wp-json\/wp\/v2\/product_brand?post=55572"},{"taxonomy":"product_cat","embeddable":true,"href":"https:\/\/emene.com\/fr\/wp-json\/wp\/v2\/product_cat?post=55572"},{"taxonomy":"product_tag","embeddable":true,"href":"https:\/\/emene.com\/fr\/wp-json\/wp\/v2\/product_tag?post=55572"}],"curies":[{"name":"wp","href":"https:\/\/api.w.org\/{rel}","templated":true}]}}