{"id":55604,"date":"2023-06-12T07:10:29","date_gmt":"2023-06-12T05:10:29","guid":{"rendered":"https:\/\/emene.nueva.avantarea.com\/?post_type=product&#038;p=55604"},"modified":"2026-02-24T15:51:44","modified_gmt":"2026-02-24T14:51:44","slug":"pack-mueble-de-bano-bourget-lavabo-doble-seno-espejo-led-copia","status":"publish","type":"product","link":"https:\/\/emene.com\/fr\/producto\/pack-mueble-de-bano-bourget-lavabo-doble-seno-espejo-led-copia\/","title":{"rendered":"Pack meuble de salle de bain BOURGET + double vasque + miroir LED"},"content":{"rendered":"<p>Ensemble de salle de bain compos\u00e9 d&rsquo;un meuble de salle de bain, d&rsquo;une vasque et d&rsquo;un miroir avec \u00e9clairage LED. Meuble sous-vasque suspendu fabriqu\u00e9 en panneau de particules m\u00e9lamin\u00e9 de 19 mm, compos\u00e9 d&rsquo;un tiroir \u00e0 fermeture progressive, \u00e0 extraction totale et ouverture par poign\u00e9e en zamak. Comprend une vasque en c\u00e9ramique blanc brillant. Comprend un miroir avec \u00e9clairage LED, IP65, 13,2 W, 1430lm et une temp\u00e9rature de lumi\u00e8re de 6000K. Le meuble est livr\u00e9 mont\u00e9, pr\u00eat \u00e0 \u00eatre fix\u00e9 au mur. Le kit de fixation du meuble est inclus. Robinet et siphon non inclus. Fabriqu\u00e9 en Espagne.<\/p>\n","protected":false},"excerpt":{"rendered":"<p>Ensemble de salle de bain compos\u00e9 d&rsquo;un meuble de salle de bain, d&rsquo;une vasque et d&rsquo;un miroir avec \u00e9clairage LED. Meuble sous-vasque suspendu fabriqu\u00e9 en panneau de particules m\u00e9lamin\u00e9 de&#8230;<\/p>\n","protected":false},"featured_media":826,"comment_status":"closed","ping_status":"closed","template":"","meta":[],"product_brand":[432],"product_cat":[390],"product_tag":[],"class_list":{"0":"post-55604","1":"product","2":"type-product","3":"status-publish","4":"has-post-thumbnail","6":"product_brand-bourget","7":"product_cat-meubles-de-salle-de-bain","8":"pa_color-noyer-2","9":"pa_color-ombre-kubric-2","10":"pa_color-vert-argile-2","11":"pa_color-bardolino","12":"pa_color-azabache","13":"pa_tamano-131","15":"first","16":"instock","17":"purchasable","18":"product-type-variable"},"_links":{"self":[{"href":"https:\/\/emene.com\/fr\/wp-json\/wp\/v2\/product\/55604","targetHints":{"allow":["GET"]}}],"collection":[{"href":"https:\/\/emene.com\/fr\/wp-json\/wp\/v2\/product"}],"about":[{"href":"https:\/\/emene.com\/fr\/wp-json\/wp\/v2\/types\/product"}],"replies":[{"embeddable":true,"href":"https:\/\/emene.com\/fr\/wp-json\/wp\/v2\/comments?post=55604"}],"wp:featuredmedia":[{"embeddable":true,"href":"https:\/\/emene.com\/fr\/wp-json\/wp\/v2\/media\/826"}],"wp:attachment":[{"href":"https:\/\/emene.com\/fr\/wp-json\/wp\/v2\/media?parent=55604"}],"wp:term":[{"taxonomy":"product_brand","embeddable":true,"href":"https:\/\/emene.com\/fr\/wp-json\/wp\/v2\/product_brand?post=55604"},{"taxonomy":"product_cat","embeddable":true,"href":"https:\/\/emene.com\/fr\/wp-json\/wp\/v2\/product_cat?post=55604"},{"taxonomy":"product_tag","embeddable":true,"href":"https:\/\/emene.com\/fr\/wp-json\/wp\/v2\/product_tag?post=55604"}],"curies":[{"name":"wp","href":"https:\/\/api.w.org\/{rel}","templated":true}]}}