{"id":55615,"date":"2023-06-12T07:10:11","date_gmt":"2023-06-12T05:10:11","guid":{"rendered":"https:\/\/emene.nueva.avantarea.com\/?post_type=product&#038;p=55615"},"modified":"2026-02-24T15:51:48","modified_gmt":"2026-02-24T14:51:48","slug":"complemento-bourget-copia","status":"publish","type":"product","link":"https:\/\/emene.com\/fr\/producto\/complemento-bourget-copia\/","title":{"rendered":"Compl\u00e9ment BOURGET"},"content":{"rendered":"<p>Module auxiliaire de salle de bain, parfait pour augmenter l&rsquo;espace de rangement. Meuble suspendu \u00e0 deux portes avec \u00e9tag\u00e8res int\u00e9rieures et espace d\u00e9coratif. Fabriqu\u00e9 en mat\u00e9riau stratifi\u00e9 de 19 mm. Charni\u00e8res avec fermeture softclosing test\u00e9es \u00e0 40 000 cycles, r\u00e9glables sur les trois axes. Fixations murales avec r\u00e9glage sur 3 axes et avec une capacit\u00e9 de charge de 65 kg par fixation selon DIN-68840 certifi\u00e9 par LGA. Chants r\u00e9alis\u00e9s en PVC de 1 mm. Fabriqu\u00e9 en Espagne.<\/p>\n","protected":false},"excerpt":{"rendered":"<p>Module auxiliaire de salle de bain, parfait pour augmenter l&rsquo;espace de rangement. Meuble suspendu \u00e0 deux portes avec \u00e9tag\u00e8res int\u00e9rieures et espace d\u00e9coratif. Fabriqu\u00e9 en mat\u00e9riau stratifi\u00e9 de 19 mm&#8230;.<\/p>\n","protected":false},"featured_media":792,"comment_status":"closed","ping_status":"open","template":"","meta":[],"product_brand":[432],"product_cat":[390],"product_tag":[],"class_list":{"0":"post-55615","1":"product","2":"type-product","3":"status-publish","4":"has-post-thumbnail","6":"product_brand-bourget","7":"product_cat-meubles-de-salle-de-bain","8":"pa_color-blanc-alcatraz","9":"pa_color-noyer-2","10":"pa_color-ombre-kubric-2","11":"pa_color-vert-argile-2","12":"pa_color-bardolino","13":"pa_color-azabache","14":"pa_tamano-138","16":"first","17":"instock","18":"purchasable","19":"product-type-variable"},"_links":{"self":[{"href":"https:\/\/emene.com\/fr\/wp-json\/wp\/v2\/product\/55615","targetHints":{"allow":["GET"]}}],"collection":[{"href":"https:\/\/emene.com\/fr\/wp-json\/wp\/v2\/product"}],"about":[{"href":"https:\/\/emene.com\/fr\/wp-json\/wp\/v2\/types\/product"}],"replies":[{"embeddable":true,"href":"https:\/\/emene.com\/fr\/wp-json\/wp\/v2\/comments?post=55615"}],"wp:featuredmedia":[{"embeddable":true,"href":"https:\/\/emene.com\/fr\/wp-json\/wp\/v2\/media\/792"}],"wp:attachment":[{"href":"https:\/\/emene.com\/fr\/wp-json\/wp\/v2\/media?parent=55615"}],"wp:term":[{"taxonomy":"product_brand","embeddable":true,"href":"https:\/\/emene.com\/fr\/wp-json\/wp\/v2\/product_brand?post=55615"},{"taxonomy":"product_cat","embeddable":true,"href":"https:\/\/emene.com\/fr\/wp-json\/wp\/v2\/product_cat?post=55615"},{"taxonomy":"product_tag","embeddable":true,"href":"https:\/\/emene.com\/fr\/wp-json\/wp\/v2\/product_tag?post=55615"}],"curies":[{"name":"wp","href":"https:\/\/api.w.org\/{rel}","templated":true}]}}