{"id":55619,"date":"2023-06-12T07:09:35","date_gmt":"2023-06-12T05:09:35","guid":{"rendered":"https:\/\/emene.nueva.avantarea.com\/?post_type=product&#038;p=55619"},"modified":"2026-02-24T15:51:50","modified_gmt":"2026-02-24T14:51:50","slug":"pack-block-lavabo-espejo-aplique-led-copia","status":"publish","type":"product","link":"https:\/\/emene.com\/fr\/producto\/pack-block-lavabo-espejo-aplique-led-copia\/","title":{"rendered":"Pack BLOCK + lavabo + miroir + applique LED"},"content":{"rendered":"<p>Pack compos\u00e9 d&rsquo;un meuble de salle de bain fabriqu\u00e9 en panneau de particules m\u00e9lamin\u00e9 de 19mm stratifi\u00e9 blanc mat, comprenant un tiroir de grande capacit\u00e9, enti\u00e8rement extractible et \u00e0 fermeture douce. Plan de travail du meuble de couleur assortie \u00e0 la vasque \u00e0 poser en c\u00e9ramique incluse. Miroir avec \u00e9clairage LED int\u00e9gr\u00e9 inclus IP54, 6000\u00baK, 8,5W, 920 lumens. Fabriqu\u00e9 en Espagne.<\/p>\n","protected":false},"excerpt":{"rendered":"<p>Pack compos\u00e9 d&rsquo;un meuble de salle de bain fabriqu\u00e9 en panneau de particules m\u00e9lamin\u00e9 de 19mm stratifi\u00e9 blanc mat, comprenant un tiroir de grande capacit\u00e9, enti\u00e8rement extractible et \u00e0 fermeture&#8230;<\/p>\n","protected":false},"featured_media":756,"comment_status":"closed","ping_status":"closed","template":"","meta":[],"product_brand":[431],"product_cat":[390],"product_tag":[],"class_list":{"0":"post-55619","1":"product","2":"type-product","3":"status-publish","4":"has-post-thumbnail","6":"product_brand-block","7":"product_cat-meubles-de-salle-de-bain","8":"pa_color-noir-2","9":"pa_color-cubanita","10":"pa_color-ombre","11":"pa_color-terracotta-2","12":"pa_tamano-571","13":"pa_tamano-131","14":"pa_tamano-132","15":"pa_tamano-130","17":"first","18":"instock","19":"purchasable","20":"product-type-variable"},"_links":{"self":[{"href":"https:\/\/emene.com\/fr\/wp-json\/wp\/v2\/product\/55619","targetHints":{"allow":["GET"]}}],"collection":[{"href":"https:\/\/emene.com\/fr\/wp-json\/wp\/v2\/product"}],"about":[{"href":"https:\/\/emene.com\/fr\/wp-json\/wp\/v2\/types\/product"}],"replies":[{"embeddable":true,"href":"https:\/\/emene.com\/fr\/wp-json\/wp\/v2\/comments?post=55619"}],"wp:featuredmedia":[{"embeddable":true,"href":"https:\/\/emene.com\/fr\/wp-json\/wp\/v2\/media\/756"}],"wp:attachment":[{"href":"https:\/\/emene.com\/fr\/wp-json\/wp\/v2\/media?parent=55619"}],"wp:term":[{"taxonomy":"product_brand","embeddable":true,"href":"https:\/\/emene.com\/fr\/wp-json\/wp\/v2\/product_brand?post=55619"},{"taxonomy":"product_cat","embeddable":true,"href":"https:\/\/emene.com\/fr\/wp-json\/wp\/v2\/product_cat?post=55619"},{"taxonomy":"product_tag","embeddable":true,"href":"https:\/\/emene.com\/fr\/wp-json\/wp\/v2\/product_tag?post=55619"}],"curies":[{"name":"wp","href":"https:\/\/api.w.org\/{rel}","templated":true}]}}